
{"id":9635,"date":"2024-02-15T11:01:32","date_gmt":"2024-02-15T11:01:32","guid":{"rendered":"https:\/\/black-sheeps.eu\/t-shirts\/"},"modified":"2025-06-25T15:35:41","modified_gmt":"2025-06-25T15:35:41","slug":"t-shirts","status":"publish","type":"page","link":"https:\/\/black-sheeps.eu\/en\/t-shirts\/","title":{"rendered":"T-shirts"},"content":{"rendered":"<style>.kb-row-layout-id2760_527fe1-8c > .kt-row-column-wrap{align-content:center;}:where(.kb-row-layout-id2760_527fe1-8c > .kt-row-column-wrap) > .wp-block-kadence-column{justify-content:center;}.kb-row-layout-id2760_527fe1-8c > .kt-row-column-wrap{column-gap:var(--global-kb-gap-md, 2rem);row-gap:var(--global-kb-gap-md, 2rem);max-width:var( --global-content-width, 1290px );padding-left:var(--global-content-edge-padding);padding-right:var(--global-content-edge-padding);padding-top:var(--global-kb-spacing-md, 2rem);padding-bottom:var(--global-kb-spacing-5xl, 10rem);min-height:200px;grid-template-columns:minmax(0, calc(35% - ((var(--global-kb-gap-md, 2rem) * 1 )\/2)))minmax(0, calc(65% - ((var(--global-kb-gap-md, 2rem) * 1 )\/2)));}.kb-row-layout-id2760_527fe1-8c > .kt-row-layout-overlay{opacity:0.30;}.kb-row-layout-id2760_527fe1-8c .kt-row-layout-bottom-sep{height:100px;}.kb-row-layout-id2760_527fe1-8c .kt-row-layout-bottom-sep svg{width:100%;}.kb-row-layout-id2760_527fe1-8c .kt-row-layout-bottom-sep svg{fill:#ffffff!important;}.kb-row-layout-id2760_527fe1-8c .kt-row-layout-top-sep{height:100px;}.kb-row-layout-id2760_527fe1-8c .kt-row-layout-top-sep svg{width:100%;}.kb-row-layout-id2760_527fe1-8c .kt-row-layout-top-sep svg{fill:#ffffff!important;}@media all and (max-width: 1024px){.kb-row-layout-id2760_527fe1-8c > .kt-row-column-wrap{grid-template-columns:repeat(2, minmax(0, 1fr));}}@media all and (max-width: 1024px){.kb-row-layout-id2760_527fe1-8c .kt-row-layout-bottom-sep{height:px;}}@media all and (max-width: 1024px){.kb-row-layout-id2760_527fe1-8c .kt-row-layout-bottom-sep svg{width:%;}}@media all and (max-width: 767px){.kb-row-layout-id2760_527fe1-8c > .kt-row-column-wrap{grid-template-columns:minmax(0, 1fr);}.kb-row-layout-id2760_527fe1-8c .kt-row-layout-bottom-sep{height:px;}.kb-row-layout-id2760_527fe1-8c .kt-row-layout-bottom-sep svg{width:%;}}<\/style><div class=\"kb-row-layout-wrap kb-row-layout-id2760_527fe1-8c alignfull has-theme-palette7-background-color kt-row-has-bg wp-block-kadence-rowlayout\"><div class=\"kt-row-column-wrap kt-has-2-columns kt-row-layout-equal kt-tab-layout-inherit kt-mobile-layout-row kt-row-valign-middle kb-theme-content-width\">\n<style>.kadence-column2760_ba3972-64 > .kt-inside-inner-col,.kadence-column2760_ba3972-64 > .kt-inside-inner-col:before{border-top-left-radius:0px;border-top-right-radius:0px;border-bottom-right-radius:0px;border-bottom-left-radius:0px;}.kadence-column2760_ba3972-64 > .kt-inside-inner-col{column-gap:var(--global-kb-gap-sm, 1rem);}.kadence-column2760_ba3972-64 > .kt-inside-inner-col{flex-direction:column;}.kadence-column2760_ba3972-64 > .kt-inside-inner-col > .aligncenter{width:100%;}.kadence-column2760_ba3972-64 > .kt-inside-inner-col:before{opacity:0.3;}.kadence-column2760_ba3972-64{position:relative;}@media all and (max-width: 1024px){.kadence-column2760_ba3972-64 > .kt-inside-inner-col{flex-direction:column;justify-content:center;}}@media all and (max-width: 767px){.kadence-column2760_ba3972-64 > .kt-inside-inner-col{flex-direction:column;justify-content:center;}}<\/style>\n<div class=\"wp-block-kadence-column kadence-column2760_ba3972-64\"><div class=\"kt-inside-inner-col\"><style>.kb-image2760_8bbc12-b7 .kb-image-has-overlay:after{opacity:0.3;}<\/style>\n<figure class=\"wp-block-kadence-image kb-image2760_8bbc12-b7 size-large\"><a href=\"https:\/\/black-sheeps.eu\/wp-content\/uploads\/2017\/08\/black-sheeps-adventures-tricka-576x1024.jpg\" class=\"kb-advanced-image-link\"><img fetchpriority=\"high\" decoding=\"async\" width=\"576\" height=\"1024\" src=\"https:\/\/black-sheeps.eu\/wp-content\/uploads\/2017\/08\/black-sheeps-adventures-tricka-576x1024.jpg\" alt=\"T-shirts | Black Sheep Adventures\" class=\"kb-img wp-image-2375\" srcset=\"https:\/\/black-sheeps.eu\/wp-content\/uploads\/2017\/08\/black-sheeps-adventures-tricka-576x1024.jpg 576w, https:\/\/black-sheeps.eu\/wp-content\/uploads\/2017\/08\/black-sheeps-adventures-tricka-600x1067.jpg 600w, https:\/\/black-sheeps.eu\/wp-content\/uploads\/2017\/08\/black-sheeps-adventures-tricka-169x300.jpg 169w, https:\/\/black-sheeps.eu\/wp-content\/uploads\/2017\/08\/black-sheeps-adventures-tricka-768x1365.jpg 768w, https:\/\/black-sheeps.eu\/wp-content\/uploads\/2017\/08\/black-sheeps-adventures-tricka.jpg 900w\" sizes=\"(max-width: 576px) 100vw, 576px\" \/><\/a><\/figure>\n<\/div><\/div>\n\n\n<style>.kadence-column2760_ce57c0-e0 > .kt-inside-inner-col,.kadence-column2760_ce57c0-e0 > .kt-inside-inner-col:before{border-top-left-radius:0px;border-top-right-radius:0px;border-bottom-right-radius:0px;border-bottom-left-radius:0px;}.kadence-column2760_ce57c0-e0 > .kt-inside-inner-col{column-gap:var(--global-kb-gap-sm, 1rem);}.kadence-column2760_ce57c0-e0 > .kt-inside-inner-col{flex-direction:column;}.kadence-column2760_ce57c0-e0 > .kt-inside-inner-col > .aligncenter{width:100%;}.kadence-column2760_ce57c0-e0 > .kt-inside-inner-col:before{opacity:0.3;}.kadence-column2760_ce57c0-e0{position:relative;}@media all and (max-width: 1024px){.kadence-column2760_ce57c0-e0 > .kt-inside-inner-col{flex-direction:column;justify-content:center;}}@media all and (max-width: 767px){.kadence-column2760_ce57c0-e0 > .kt-inside-inner-col{flex-direction:column;justify-content:center;}}<\/style>\n<div class=\"wp-block-kadence-column kadence-column2760_ce57c0-e0\"><div class=\"kt-inside-inner-col\"><style>.wp-block-kadence-advancedheading.kt-adv-heading2760_3a8727-c2, .wp-block-kadence-advancedheading.kt-adv-heading2760_3a8727-c2[data-kb-block=\"kb-adv-heading2760_3a8727-c2\"]{padding-top:var(--global-kb-spacing-xs, 1rem);padding-bottom:var(--global-kb-spacing-xs, 1rem);font-style:normal;}.wp-block-kadence-advancedheading.kt-adv-heading2760_3a8727-c2 mark.kt-highlight, .wp-block-kadence-advancedheading.kt-adv-heading2760_3a8727-c2[data-kb-block=\"kb-adv-heading2760_3a8727-c2\"] mark.kt-highlight{font-style:normal;color:#f76a0c;-webkit-box-decoration-break:clone;box-decoration-break:clone;padding-top:0px;padding-right:0px;padding-bottom:0px;padding-left:0px;}.wp-block-kadence-advancedheading.kt-adv-heading2760_3a8727-c2 img.kb-inline-image, .wp-block-kadence-advancedheading.kt-adv-heading2760_3a8727-c2[data-kb-block=\"kb-adv-heading2760_3a8727-c2\"] img.kb-inline-image{width:150px;vertical-align:baseline;}<\/style>\n<h3 class=\"kt-adv-heading2760_3a8727-c2 wp-block-kadence-advancedheading has-theme-palette-3-color has-text-color\" data-kb-block=\"kb-adv-heading2760_3a8727-c2\">Buy a BLACK SHEEPS ADVENTURES logo T-shirt and have an adventure wherever you are.<\/h3>\n\n\n\n<p>Men&#8217;s and Women&#8217;s cut<\/p>\n<\/div><\/div>\n\n<\/div><\/div>","protected":false},"excerpt":{"rendered":"<p>Buy a BLACK SHEEPS ADVENTURES logo T-shirt and have an adventure wherever you are. Men&#8217;s and Women&#8217;s cut<\/p>\n","protected":false},"author":1,"featured_media":0,"parent":0,"menu_order":0,"comment_status":"closed","ping_status":"closed","template":"","meta":{"_kad_blocks_custom_css":"","_kad_blocks_head_custom_js":"","_kad_blocks_body_custom_js":"","_kad_blocks_footer_custom_js":"","_kad_post_transparent":"","_kad_post_title":"","_kad_post_layout":"","_kad_post_sidebar_id":"","_kad_post_content_style":"","_kad_post_vertical_padding":"","_kad_post_feature":"","_kad_post_feature_position":"","_kad_post_header":false,"_kad_post_footer":false,"_kad_post_classname":"","footnotes":""},"class_list":["post-9635","page","type-page","status-publish","hentry"],"yoast_head":"<!-- This site is optimized with the Yoast SEO plugin v27.4 - https:\/\/yoast.com\/product\/yoast-seo-wordpress\/ -->\n<title>T-shirts | Black Sheeps Adventures<\/title>\n<meta name=\"description\" content=\"Get your Black Sheeps Adventures T-shirt in men\u2019s or women\u2019s cut and take the spirit of adventure with you anywhere you go.\" \/>\n<meta name=\"robots\" content=\"index, follow, max-snippet:-1, max-image-preview:large, max-video-preview:-1\" \/>\n<link rel=\"canonical\" href=\"https:\/\/black-sheeps.eu\/en\/t-shirts\/\" \/>\n<meta property=\"og:locale\" content=\"en_US\" \/>\n<meta property=\"og:type\" content=\"article\" \/>\n<meta property=\"og:title\" content=\"T-shirts | Black Sheeps Adventures\" \/>\n<meta property=\"og:description\" content=\"Get your Black Sheeps Adventures T-shirt in men\u2019s or women\u2019s cut and take the spirit of adventure with you anywhere you go.\" \/>\n<meta property=\"og:url\" content=\"https:\/\/black-sheeps.eu\/en\/t-shirts\/\" \/>\n<meta property=\"og:site_name\" content=\"Black Sheep Adventures\" \/>\n<meta property=\"article:publisher\" content=\"https:\/\/www.facebook.com\/BlackSheepsAdventuresBlack\/\" \/>\n<meta property=\"article:modified_time\" content=\"2025-06-25T15:35:41+00:00\" \/>\n<meta property=\"og:image\" content=\"https:\/\/black-sheeps.eu\/wp-content\/uploads\/2017\/08\/black-sheeps-adventures-tricka.jpg\" \/>\n\t<meta property=\"og:image:width\" content=\"900\" \/>\n\t<meta property=\"og:image:height\" content=\"1600\" \/>\n\t<meta property=\"og:image:type\" content=\"image\/jpeg\" \/>\n<meta name=\"twitter:card\" content=\"summary_large_image\" \/>\n<meta name=\"twitter:label1\" content=\"Est. reading time\" \/>\n\t<meta name=\"twitter:data1\" content=\"1 minute\" \/>\n<script type=\"application\/ld+json\" class=\"yoast-schema-graph\">{\"@context\":\"https:\\\/\\\/schema.org\",\"@graph\":[{\"@type\":\"WebPage\",\"@id\":\"https:\\\/\\\/black-sheeps.eu\\\/en\\\/t-shirts\\\/\",\"url\":\"https:\\\/\\\/black-sheeps.eu\\\/en\\\/t-shirts\\\/\",\"name\":\"T-shirts | Black Sheeps Adventures\",\"isPartOf\":{\"@id\":\"https:\\\/\\\/black-sheeps.eu\\\/cs\\\/#website\"},\"primaryImageOfPage\":{\"@id\":\"https:\\\/\\\/black-sheeps.eu\\\/en\\\/t-shirts\\\/#primaryimage\"},\"image\":{\"@id\":\"https:\\\/\\\/black-sheeps.eu\\\/en\\\/t-shirts\\\/#primaryimage\"},\"thumbnailUrl\":\"https:\\\/\\\/black-sheeps.eu\\\/wp-content\\\/uploads\\\/2017\\\/08\\\/black-sheeps-adventures-tricka-576x1024.jpg\",\"datePublished\":\"2024-02-15T11:01:32+00:00\",\"dateModified\":\"2025-06-25T15:35:41+00:00\",\"description\":\"Get your Black Sheeps Adventures T-shirt in men\u2019s or women\u2019s cut and take the spirit of adventure with you anywhere you go.\",\"breadcrumb\":{\"@id\":\"https:\\\/\\\/black-sheeps.eu\\\/en\\\/t-shirts\\\/#breadcrumb\"},\"inLanguage\":\"en-US\",\"potentialAction\":[{\"@type\":\"ReadAction\",\"target\":[\"https:\\\/\\\/black-sheeps.eu\\\/en\\\/t-shirts\\\/\"]}]},{\"@type\":\"ImageObject\",\"inLanguage\":\"en-US\",\"@id\":\"https:\\\/\\\/black-sheeps.eu\\\/en\\\/t-shirts\\\/#primaryimage\",\"url\":\"https:\\\/\\\/black-sheeps.eu\\\/wp-content\\\/uploads\\\/2017\\\/08\\\/black-sheeps-adventures-tricka-576x1024.jpg\",\"contentUrl\":\"https:\\\/\\\/black-sheeps.eu\\\/wp-content\\\/uploads\\\/2017\\\/08\\\/black-sheeps-adventures-tricka-576x1024.jpg\"},{\"@type\":\"BreadcrumbList\",\"@id\":\"https:\\\/\\\/black-sheeps.eu\\\/en\\\/t-shirts\\\/#breadcrumb\",\"itemListElement\":[{\"@type\":\"ListItem\",\"position\":1,\"name\":\"Home\",\"item\":\"https:\\\/\\\/black-sheeps.eu\\\/en\\\/introduction\\\/\"},{\"@type\":\"ListItem\",\"position\":2,\"name\":\"T-shirts\"}]},{\"@type\":\"WebSite\",\"@id\":\"https:\\\/\\\/black-sheeps.eu\\\/cs\\\/#website\",\"url\":\"https:\\\/\\\/black-sheeps.eu\\\/cs\\\/\",\"name\":\"Black Sheep Adventures\",\"description\":\"Adrenal\u00ednov\u00e9 z\u00e1\u017eitky, teambuildingov\u00e9 z\u00e1jazdy, v\u00edkendov\u00e9 pobyty - kayaking, rafting, paragliding, kanyoning, jachting\",\"publisher\":{\"@id\":\"https:\\\/\\\/black-sheeps.eu\\\/cs\\\/#organization\"},\"potentialAction\":[{\"@type\":\"SearchAction\",\"target\":{\"@type\":\"EntryPoint\",\"urlTemplate\":\"https:\\\/\\\/black-sheeps.eu\\\/cs\\\/?s={search_term_string}\"},\"query-input\":{\"@type\":\"PropertyValueSpecification\",\"valueRequired\":true,\"valueName\":\"search_term_string\"}}],\"inLanguage\":\"en-US\"},{\"@type\":\"Organization\",\"@id\":\"https:\\\/\\\/black-sheeps.eu\\\/cs\\\/#organization\",\"name\":\"Black Sheep Adventures\",\"url\":\"https:\\\/\\\/black-sheeps.eu\\\/cs\\\/\",\"logo\":{\"@type\":\"ImageObject\",\"inLanguage\":\"en-US\",\"@id\":\"https:\\\/\\\/black-sheeps.eu\\\/cs\\\/#\\\/schema\\\/logo\\\/image\\\/\",\"url\":\"\",\"contentUrl\":\"\",\"caption\":\"Black Sheep Adventures\"},\"image\":{\"@id\":\"https:\\\/\\\/black-sheeps.eu\\\/cs\\\/#\\\/schema\\\/logo\\\/image\\\/\"},\"sameAs\":[\"https:\\\/\\\/www.facebook.com\\\/BlackSheepsAdventuresBlack\\\/\"]}]}<\/script>\n<!-- \/ Yoast SEO plugin. -->","yoast_head_json":{"title":"T-shirts | Black Sheeps Adventures","description":"Get your Black Sheeps Adventures T-shirt in men\u2019s or women\u2019s cut and take the spirit of adventure with you anywhere you go.","robots":{"index":"index","follow":"follow","max-snippet":"max-snippet:-1","max-image-preview":"max-image-preview:large","max-video-preview":"max-video-preview:-1"},"canonical":"https:\/\/black-sheeps.eu\/en\/t-shirts\/","og_locale":"en_US","og_type":"article","og_title":"T-shirts | Black Sheeps Adventures","og_description":"Get your Black Sheeps Adventures T-shirt in men\u2019s or women\u2019s cut and take the spirit of adventure with you anywhere you go.","og_url":"https:\/\/black-sheeps.eu\/en\/t-shirts\/","og_site_name":"Black Sheep Adventures","article_publisher":"https:\/\/www.facebook.com\/BlackSheepsAdventuresBlack\/","article_modified_time":"2025-06-25T15:35:41+00:00","og_image":[{"width":900,"height":1600,"url":"https:\/\/black-sheeps.eu\/wp-content\/uploads\/2017\/08\/black-sheeps-adventures-tricka.jpg","type":"image\/jpeg"}],"twitter_card":"summary_large_image","twitter_misc":{"Est. reading time":"1 minute"},"schema":{"@context":"https:\/\/schema.org","@graph":[{"@type":"WebPage","@id":"https:\/\/black-sheeps.eu\/en\/t-shirts\/","url":"https:\/\/black-sheeps.eu\/en\/t-shirts\/","name":"T-shirts | Black Sheeps Adventures","isPartOf":{"@id":"https:\/\/black-sheeps.eu\/cs\/#website"},"primaryImageOfPage":{"@id":"https:\/\/black-sheeps.eu\/en\/t-shirts\/#primaryimage"},"image":{"@id":"https:\/\/black-sheeps.eu\/en\/t-shirts\/#primaryimage"},"thumbnailUrl":"https:\/\/black-sheeps.eu\/wp-content\/uploads\/2017\/08\/black-sheeps-adventures-tricka-576x1024.jpg","datePublished":"2024-02-15T11:01:32+00:00","dateModified":"2025-06-25T15:35:41+00:00","description":"Get your Black Sheeps Adventures T-shirt in men\u2019s or women\u2019s cut and take the spirit of adventure with you anywhere you go.","breadcrumb":{"@id":"https:\/\/black-sheeps.eu\/en\/t-shirts\/#breadcrumb"},"inLanguage":"en-US","potentialAction":[{"@type":"ReadAction","target":["https:\/\/black-sheeps.eu\/en\/t-shirts\/"]}]},{"@type":"ImageObject","inLanguage":"en-US","@id":"https:\/\/black-sheeps.eu\/en\/t-shirts\/#primaryimage","url":"https:\/\/black-sheeps.eu\/wp-content\/uploads\/2017\/08\/black-sheeps-adventures-tricka-576x1024.jpg","contentUrl":"https:\/\/black-sheeps.eu\/wp-content\/uploads\/2017\/08\/black-sheeps-adventures-tricka-576x1024.jpg"},{"@type":"BreadcrumbList","@id":"https:\/\/black-sheeps.eu\/en\/t-shirts\/#breadcrumb","itemListElement":[{"@type":"ListItem","position":1,"name":"Home","item":"https:\/\/black-sheeps.eu\/en\/introduction\/"},{"@type":"ListItem","position":2,"name":"T-shirts"}]},{"@type":"WebSite","@id":"https:\/\/black-sheeps.eu\/cs\/#website","url":"https:\/\/black-sheeps.eu\/cs\/","name":"Black Sheep Adventures","description":"Adrenal\u00ednov\u00e9 z\u00e1\u017eitky, teambuildingov\u00e9 z\u00e1jazdy, v\u00edkendov\u00e9 pobyty - kayaking, rafting, paragliding, kanyoning, jachting","publisher":{"@id":"https:\/\/black-sheeps.eu\/cs\/#organization"},"potentialAction":[{"@type":"SearchAction","target":{"@type":"EntryPoint","urlTemplate":"https:\/\/black-sheeps.eu\/cs\/?s={search_term_string}"},"query-input":{"@type":"PropertyValueSpecification","valueRequired":true,"valueName":"search_term_string"}}],"inLanguage":"en-US"},{"@type":"Organization","@id":"https:\/\/black-sheeps.eu\/cs\/#organization","name":"Black Sheep Adventures","url":"https:\/\/black-sheeps.eu\/cs\/","logo":{"@type":"ImageObject","inLanguage":"en-US","@id":"https:\/\/black-sheeps.eu\/cs\/#\/schema\/logo\/image\/","url":"","contentUrl":"","caption":"Black Sheep Adventures"},"image":{"@id":"https:\/\/black-sheeps.eu\/cs\/#\/schema\/logo\/image\/"},"sameAs":["https:\/\/www.facebook.com\/BlackSheepsAdventuresBlack\/"]}]}},"taxonomy_info":[],"featured_image_src_large":false,"author_info":{"display_name":"Black Sheeps","author_link":"https:\/\/black-sheeps.eu\/en\/author\/adminator\/"},"comment_info":0,"_links":{"self":[{"href":"https:\/\/black-sheeps.eu\/en\/wp-json\/wp\/v2\/pages\/9635","targetHints":{"allow":["GET"]}}],"collection":[{"href":"https:\/\/black-sheeps.eu\/en\/wp-json\/wp\/v2\/pages"}],"about":[{"href":"https:\/\/black-sheeps.eu\/en\/wp-json\/wp\/v2\/types\/page"}],"author":[{"embeddable":true,"href":"https:\/\/black-sheeps.eu\/en\/wp-json\/wp\/v2\/users\/1"}],"replies":[{"embeddable":true,"href":"https:\/\/black-sheeps.eu\/en\/wp-json\/wp\/v2\/comments?post=9635"}],"version-history":[{"count":1,"href":"https:\/\/black-sheeps.eu\/en\/wp-json\/wp\/v2\/pages\/9635\/revisions"}],"predecessor-version":[{"id":11730,"href":"https:\/\/black-sheeps.eu\/en\/wp-json\/wp\/v2\/pages\/9635\/revisions\/11730"}],"wp:attachment":[{"href":"https:\/\/black-sheeps.eu\/en\/wp-json\/wp\/v2\/media?parent=9635"}],"curies":[{"name":"wp","href":"https:\/\/api.w.org\/{rel}","templated":true}]}}