
{"id":11347,"date":"2024-03-14T08:49:29","date_gmt":"2024-03-14T08:49:29","guid":{"rendered":"https:\/\/black-sheeps.eu\/booking\/thank-you\/"},"modified":"2025-06-26T08:06:37","modified_gmt":"2025-06-26T08:06:37","slug":"thank-you","status":"publish","type":"page","link":"https:\/\/black-sheeps.eu\/en\/booking\/thank-you\/","title":{"rendered":"Thank you for your interest!"},"content":{"rendered":"<style>.kadence-column11347_bcd9f0-0e > .kt-inside-inner-col{display:flex;}.kadence-column11347_bcd9f0-0e > .kt-inside-inner-col,.kadence-column11347_bcd9f0-0e > .kt-inside-inner-col:before{border-top-left-radius:0px;border-top-right-radius:0px;border-bottom-right-radius:0px;border-bottom-left-radius:0px;}.kadence-column11347_bcd9f0-0e > .kt-inside-inner-col{column-gap:var(--global-kb-gap-sm, 1rem);}.kadence-column11347_bcd9f0-0e > .kt-inside-inner-col{flex-direction:row;flex-wrap:wrap;align-items:center;}.kadence-column11347_bcd9f0-0e > .kt-inside-inner-col > *, .kadence-column11347_bcd9f0-0e > .kt-inside-inner-col > figure.wp-block-image, .kadence-column11347_bcd9f0-0e > .kt-inside-inner-col > figure.wp-block-kadence-image{margin-top:0px;margin-bottom:0px;}.kadence-column11347_bcd9f0-0e > .kt-inside-inner-col > .kb-image-is-ratio-size{flex-grow:1;}.kadence-column11347_bcd9f0-0e > .kt-inside-inner-col:before{opacity:0.3;}.kadence-column11347_bcd9f0-0e{position:relative;}@media all and (max-width: 1024px){.kadence-column11347_bcd9f0-0e > .kt-inside-inner-col{flex-direction:row;flex-wrap:wrap;align-items:center;}}@media all and (min-width: 768px) and (max-width: 1024px){.kadence-column11347_bcd9f0-0e > .kt-inside-inner-col > *, .kadence-column11347_bcd9f0-0e > .kt-inside-inner-col > figure.wp-block-image, .kadence-column11347_bcd9f0-0e > .kt-inside-inner-col > figure.wp-block-kadence-image{margin-top:0px;margin-bottom:0px;}.kadence-column11347_bcd9f0-0e > .kt-inside-inner-col > .kb-image-is-ratio-size{flex-grow:1;}}@media all and (max-width: 767px){.kadence-column11347_bcd9f0-0e > .kt-inside-inner-col{flex-direction:column;justify-content:center;align-items:stretch;flex-wrap:nowrap;}.wp-block-kadence-column.kb-section-dir-horizontal.kadence-column11347_bcd9f0-0e > .kt-inside-inner-col > .wp-block-kadence-infobox{align-self:unset;}}<\/style>\n<div class=\"wp-block-kadence-column kadence-column11347_bcd9f0-0e kb-section-dir-horizontal kb-section-sm-dir-vertical\"><div class=\"kt-inside-inner-col\"><style>.kadence-column11347_51a255-2d > .kt-inside-inner-col,.kadence-column11347_51a255-2d > .kt-inside-inner-col:before{border-top-left-radius:0px;border-top-right-radius:0px;border-bottom-right-radius:0px;border-bottom-left-radius:0px;}.kadence-column11347_51a255-2d > .kt-inside-inner-col{column-gap:var(--global-kb-gap-sm, 1rem);}.kadence-column11347_51a255-2d > .kt-inside-inner-col{flex-direction:column;}.kadence-column11347_51a255-2d > .kt-inside-inner-col > .aligncenter{width:100%;}.kadence-column11347_51a255-2d > .kt-inside-inner-col:before{opacity:0.3;}.kadence-column11347_51a255-2d{position:relative;}@media all and (max-width: 1024px){.kadence-column11347_51a255-2d > .kt-inside-inner-col{flex-direction:column;justify-content:center;}}@media all and (max-width: 767px){.kadence-column11347_51a255-2d > .kt-inside-inner-col{flex-direction:column;justify-content:center;}}<\/style>\n<div class=\"wp-block-kadence-column kadence-column11347_51a255-2d\"><div class=\"kt-inside-inner-col\">\n<figure class=\"wp-block-image size-large\"><a href=\"https:\/\/black-sheeps.eu\/wp-content\/uploads\/2024\/03\/david-aja-1-1024x672.jpg\"><img fetchpriority=\"high\" decoding=\"async\" width=\"1024\" height=\"672\" src=\"https:\/\/black-sheeps.eu\/wp-content\/uploads\/2024\/03\/david-aja-1-1024x672.jpg\" alt=\"\" class=\"wp-image-10906\" srcset=\"https:\/\/black-sheeps.eu\/wp-content\/uploads\/2024\/03\/david-aja-1-1024x672.jpg 1024w, https:\/\/black-sheeps.eu\/wp-content\/uploads\/2024\/03\/david-aja-1-600x394.jpg 600w, https:\/\/black-sheeps.eu\/wp-content\/uploads\/2024\/03\/david-aja-1-300x197.jpg 300w, https:\/\/black-sheeps.eu\/wp-content\/uploads\/2024\/03\/david-aja-1-768x504.jpg 768w, https:\/\/black-sheeps.eu\/wp-content\/uploads\/2024\/03\/david-aja-1-1536x1008.jpg 1536w, https:\/\/black-sheeps.eu\/wp-content\/uploads\/2024\/03\/david-aja-1.jpg 1545w\" sizes=\"(max-width: 1024px) 100vw, 1024px\" \/><\/a><\/figure>\n<\/div><\/div>\n\n\n<style>.kadence-column11347_8717f2-aa > .kt-inside-inner-col,.kadence-column11347_8717f2-aa > .kt-inside-inner-col:before{border-top-left-radius:0px;border-top-right-radius:0px;border-bottom-right-radius:0px;border-bottom-left-radius:0px;}.kadence-column11347_8717f2-aa > .kt-inside-inner-col{column-gap:var(--global-kb-gap-sm, 1rem);}.kadence-column11347_8717f2-aa > .kt-inside-inner-col{flex-direction:column;}.kadence-column11347_8717f2-aa > .kt-inside-inner-col > .aligncenter{width:100%;}.kadence-column11347_8717f2-aa > .kt-inside-inner-col:before{opacity:0.3;}.kadence-column11347_8717f2-aa{position:relative;}@media all and (max-width: 1024px){.kadence-column11347_8717f2-aa > .kt-inside-inner-col{flex-direction:column;justify-content:center;}}@media all and (max-width: 767px){.kadence-column11347_8717f2-aa > .kt-inside-inner-col{flex-direction:column;justify-content:center;}}<\/style>\n<div class=\"wp-block-kadence-column kadence-column11347_8717f2-aa\"><div class=\"kt-inside-inner-col\"><style>.wp-block-kadence-advancedheading.kt-adv-heading11347_844925-8c, .wp-block-kadence-advancedheading.kt-adv-heading11347_844925-8c[data-kb-block=\"kb-adv-heading11347_844925-8c\"]{padding-top:var(--global-kb-spacing-xs, 1rem);padding-bottom:var(--global-kb-spacing-xs, 1rem);text-align:center;font-size:var(--global-kb-font-size-lg, 2rem);font-style:normal;}.wp-block-kadence-advancedheading.kt-adv-heading11347_844925-8c mark.kt-highlight, .wp-block-kadence-advancedheading.kt-adv-heading11347_844925-8c[data-kb-block=\"kb-adv-heading11347_844925-8c\"] mark.kt-highlight{font-style:normal;color:#f76a0c;-webkit-box-decoration-break:clone;box-decoration-break:clone;padding-top:0px;padding-right:0px;padding-bottom:0px;padding-left:0px;}.wp-block-kadence-advancedheading.kt-adv-heading11347_844925-8c img.kb-inline-image, .wp-block-kadence-advancedheading.kt-adv-heading11347_844925-8c[data-kb-block=\"kb-adv-heading11347_844925-8c\"] img.kb-inline-image{width:150px;vertical-align:baseline;}<\/style>\n<p class=\"kt-adv-heading11347_844925-8c wp-block-kadence-advancedheading\" data-kb-block=\"kb-adv-heading11347_844925-8c\">Thank you for your trust and we look forward to seeing you!<br>We will get back to you as soon as possible.<br>Black Sheeps Adventures team<\/p>\n<\/div><\/div>\n<\/div><\/div>\n\n\n<style>.wp-block-kadence-advancedheading.kt-adv-heading11347_786b59-5a, .wp-block-kadence-advancedheading.kt-adv-heading11347_786b59-5a[data-kb-block=\"kb-adv-heading11347_786b59-5a\"]{padding-top:var(--global-kb-spacing-xs, 1rem);padding-bottom:var(--global-kb-spacing-xs, 1rem);text-align:center;font-style:normal;}.wp-block-kadence-advancedheading.kt-adv-heading11347_786b59-5a mark.kt-highlight, .wp-block-kadence-advancedheading.kt-adv-heading11347_786b59-5a[data-kb-block=\"kb-adv-heading11347_786b59-5a\"] mark.kt-highlight{font-style:normal;color:#f76a0c;-webkit-box-decoration-break:clone;box-decoration-break:clone;padding-top:0px;padding-right:0px;padding-bottom:0px;padding-left:0px;}.wp-block-kadence-advancedheading.kt-adv-heading11347_786b59-5a img.kb-inline-image, .wp-block-kadence-advancedheading.kt-adv-heading11347_786b59-5a[data-kb-block=\"kb-adv-heading11347_786b59-5a\"] img.kb-inline-image{width:150px;vertical-align:baseline;}<\/style>\n<h3 class=\"kt-adv-heading11347_786b59-5a wp-block-kadence-advancedheading\" data-kb-block=\"kb-adv-heading11347_786b59-5a\">Explore our surroundings:<\/h3>\n\n\n<style>.kadence-column11347_73bf6d-2c > .kt-inside-inner-col{display:flex;}.kadence-column11347_73bf6d-2c > .kt-inside-inner-col,.kadence-column11347_73bf6d-2c > .kt-inside-inner-col:before{border-top-left-radius:0px;border-top-right-radius:0px;border-bottom-right-radius:0px;border-bottom-left-radius:0px;}.kadence-column11347_73bf6d-2c > .kt-inside-inner-col{column-gap:var(--global-kb-gap-sm, 1rem);}.kadence-column11347_73bf6d-2c > .kt-inside-inner-col{flex-direction:column;align-items:center;}.kadence-column11347_73bf6d-2c > .kt-inside-inner-col > .kb-image-is-ratio-size{align-self:stretch;}.kadence-column11347_73bf6d-2c > .kt-inside-inner-col > .wp-block-kadence-advancedgallery{align-self:stretch;}.kadence-column11347_73bf6d-2c > .kt-inside-inner-col > .aligncenter{width:100%;}.kadence-column11347_73bf6d-2c > .kt-inside-inner-col:before{opacity:0.3;}.kadence-column11347_73bf6d-2c{position:relative;}@media all and (max-width: 1024px){.kadence-column11347_73bf6d-2c > .kt-inside-inner-col{flex-direction:column;justify-content:center;align-items:center;}}@media all and (max-width: 767px){.kadence-column11347_73bf6d-2c > .kt-inside-inner-col{flex-direction:column;justify-content:center;align-items:center;}}<\/style>\n<div class=\"wp-block-kadence-column kadence-column11347_73bf6d-2c\"><div class=\"kt-inside-inner-col\"><\/div><\/div>\n\n\n\n<script>\nwindow.dataLayer = window.dataLayer || [];\nwindow.dataLayer.push({\n  'event': 'formSubmission'\n});\n<\/script>\n\n\n\n<style>.rezervacebutton{display: none;} <\/style>\n","protected":false},"excerpt":{"rendered":"<p>Thank you for your trust and we look forward to seeing you!We will get back to you as soon as possible.Black Sheeps Adventures team Explore our surroundings:<\/p>\n","protected":false},"author":1,"featured_media":0,"parent":8733,"menu_order":0,"comment_status":"closed","ping_status":"closed","template":"","meta":{"_kad_blocks_custom_css":"","_kad_blocks_head_custom_js":"","_kad_blocks_body_custom_js":"","_kad_blocks_footer_custom_js":"","_kad_post_transparent":"","_kad_post_title":"hide","_kad_post_layout":"","_kad_post_sidebar_id":"","_kad_post_content_style":"","_kad_post_vertical_padding":"","_kad_post_feature":"","_kad_post_feature_position":"","_kad_post_header":false,"_kad_post_footer":false,"_kad_post_classname":"","footnotes":""},"class_list":["post-11347","page","type-page","status-publish","hentry"],"yoast_head":"<!-- This site is optimized with the Yoast SEO plugin v27.4 - https:\/\/yoast.com\/product\/yoast-seo-wordpress\/ -->\n<title>Thank you for your interest! | Black Sheeps Adventures<\/title>\n<meta name=\"description\" content=\"Your request has been received \u2013 Black Sheeps Adventures will get back to you shortly with all the information you need for your adventure.\" \/>\n<meta name=\"robots\" content=\"index, follow, max-snippet:-1, max-image-preview:large, max-video-preview:-1\" \/>\n<link rel=\"canonical\" href=\"https:\/\/black-sheeps.eu\/en\/booking\/thank-you\/\" \/>\n<meta property=\"og:locale\" content=\"en_US\" \/>\n<meta property=\"og:type\" content=\"article\" \/>\n<meta property=\"og:title\" content=\"Thank you for your interest! | Black Sheeps Adventures\" \/>\n<meta property=\"og:description\" content=\"Your request has been received \u2013 Black Sheeps Adventures will get back to you shortly with all the information you need for your adventure.\" \/>\n<meta property=\"og:url\" content=\"https:\/\/black-sheeps.eu\/en\/booking\/thank-you\/\" \/>\n<meta property=\"og:site_name\" content=\"Black Sheep Adventures\" \/>\n<meta property=\"article:publisher\" content=\"https:\/\/www.facebook.com\/BlackSheepsAdventuresBlack\/\" \/>\n<meta property=\"article:modified_time\" content=\"2025-06-26T08:06:37+00:00\" \/>\n<meta property=\"og:image\" content=\"https:\/\/black-sheeps.eu\/wp-content\/uploads\/2024\/03\/david-aja-1.jpg\" \/>\n\t<meta property=\"og:image:width\" content=\"1545\" \/>\n\t<meta property=\"og:image:height\" content=\"1014\" \/>\n\t<meta property=\"og:image:type\" content=\"image\/jpeg\" \/>\n<meta name=\"twitter:card\" content=\"summary_large_image\" \/>\n<meta name=\"twitter:label1\" content=\"Est. reading time\" \/>\n\t<meta name=\"twitter:data1\" content=\"1 minute\" \/>\n<script type=\"application\/ld+json\" class=\"yoast-schema-graph\">{\"@context\":\"https:\\\/\\\/schema.org\",\"@graph\":[{\"@type\":\"WebPage\",\"@id\":\"https:\\\/\\\/black-sheeps.eu\\\/en\\\/booking\\\/thank-you\\\/\",\"url\":\"https:\\\/\\\/black-sheeps.eu\\\/en\\\/booking\\\/thank-you\\\/\",\"name\":\"Thank you for your interest! | Black Sheeps Adventures\",\"isPartOf\":{\"@id\":\"https:\\\/\\\/black-sheeps.eu\\\/cs\\\/#website\"},\"primaryImageOfPage\":{\"@id\":\"https:\\\/\\\/black-sheeps.eu\\\/en\\\/booking\\\/thank-you\\\/#primaryimage\"},\"image\":{\"@id\":\"https:\\\/\\\/black-sheeps.eu\\\/en\\\/booking\\\/thank-you\\\/#primaryimage\"},\"thumbnailUrl\":\"https:\\\/\\\/black-sheeps.eu\\\/wp-content\\\/uploads\\\/2024\\\/03\\\/david-aja-1-1024x672.jpg\",\"datePublished\":\"2024-03-14T08:49:29+00:00\",\"dateModified\":\"2025-06-26T08:06:37+00:00\",\"description\":\"Your request has been received \u2013 Black Sheeps Adventures will get back to you shortly with all the information you need for your adventure.\",\"breadcrumb\":{\"@id\":\"https:\\\/\\\/black-sheeps.eu\\\/en\\\/booking\\\/thank-you\\\/#breadcrumb\"},\"inLanguage\":\"en-US\",\"potentialAction\":[{\"@type\":\"ReadAction\",\"target\":[\"https:\\\/\\\/black-sheeps.eu\\\/en\\\/booking\\\/thank-you\\\/\"]}]},{\"@type\":\"ImageObject\",\"inLanguage\":\"en-US\",\"@id\":\"https:\\\/\\\/black-sheeps.eu\\\/en\\\/booking\\\/thank-you\\\/#primaryimage\",\"url\":\"https:\\\/\\\/black-sheeps.eu\\\/wp-content\\\/uploads\\\/2024\\\/03\\\/david-aja-1-1024x672.jpg\",\"contentUrl\":\"https:\\\/\\\/black-sheeps.eu\\\/wp-content\\\/uploads\\\/2024\\\/03\\\/david-aja-1-1024x672.jpg\"},{\"@type\":\"BreadcrumbList\",\"@id\":\"https:\\\/\\\/black-sheeps.eu\\\/en\\\/booking\\\/thank-you\\\/#breadcrumb\",\"itemListElement\":[{\"@type\":\"ListItem\",\"position\":1,\"name\":\"Home\",\"item\":\"https:\\\/\\\/black-sheeps.eu\\\/en\\\/introduction\\\/\"},{\"@type\":\"ListItem\",\"position\":2,\"name\":\"Activity booking form\",\"item\":\"https:\\\/\\\/black-sheeps.eu\\\/en\\\/booking\\\/\"},{\"@type\":\"ListItem\",\"position\":3,\"name\":\"Thank you for your interest!\"}]},{\"@type\":\"WebSite\",\"@id\":\"https:\\\/\\\/black-sheeps.eu\\\/cs\\\/#website\",\"url\":\"https:\\\/\\\/black-sheeps.eu\\\/cs\\\/\",\"name\":\"Black Sheep Adventures\",\"description\":\"Adrenal\u00ednov\u00e9 z\u00e1\u017eitky, teambuildingov\u00e9 z\u00e1jazdy, v\u00edkendov\u00e9 pobyty - kayaking, rafting, paragliding, kanyoning, jachting\",\"publisher\":{\"@id\":\"https:\\\/\\\/black-sheeps.eu\\\/cs\\\/#organization\"},\"potentialAction\":[{\"@type\":\"SearchAction\",\"target\":{\"@type\":\"EntryPoint\",\"urlTemplate\":\"https:\\\/\\\/black-sheeps.eu\\\/cs\\\/?s={search_term_string}\"},\"query-input\":{\"@type\":\"PropertyValueSpecification\",\"valueRequired\":true,\"valueName\":\"search_term_string\"}}],\"inLanguage\":\"en-US\"},{\"@type\":\"Organization\",\"@id\":\"https:\\\/\\\/black-sheeps.eu\\\/cs\\\/#organization\",\"name\":\"Black Sheep Adventures\",\"url\":\"https:\\\/\\\/black-sheeps.eu\\\/cs\\\/\",\"logo\":{\"@type\":\"ImageObject\",\"inLanguage\":\"en-US\",\"@id\":\"https:\\\/\\\/black-sheeps.eu\\\/cs\\\/#\\\/schema\\\/logo\\\/image\\\/\",\"url\":\"\",\"contentUrl\":\"\",\"caption\":\"Black Sheep Adventures\"},\"image\":{\"@id\":\"https:\\\/\\\/black-sheeps.eu\\\/cs\\\/#\\\/schema\\\/logo\\\/image\\\/\"},\"sameAs\":[\"https:\\\/\\\/www.facebook.com\\\/BlackSheepsAdventuresBlack\\\/\"]}]}<\/script>\n<!-- \/ Yoast SEO plugin. -->","yoast_head_json":{"title":"Thank you for your interest! | Black Sheeps Adventures","description":"Your request has been received \u2013 Black Sheeps Adventures will get back to you shortly with all the information you need for your adventure.","robots":{"index":"index","follow":"follow","max-snippet":"max-snippet:-1","max-image-preview":"max-image-preview:large","max-video-preview":"max-video-preview:-1"},"canonical":"https:\/\/black-sheeps.eu\/en\/booking\/thank-you\/","og_locale":"en_US","og_type":"article","og_title":"Thank you for your interest! | Black Sheeps Adventures","og_description":"Your request has been received \u2013 Black Sheeps Adventures will get back to you shortly with all the information you need for your adventure.","og_url":"https:\/\/black-sheeps.eu\/en\/booking\/thank-you\/","og_site_name":"Black Sheep Adventures","article_publisher":"https:\/\/www.facebook.com\/BlackSheepsAdventuresBlack\/","article_modified_time":"2025-06-26T08:06:37+00:00","og_image":[{"width":1545,"height":1014,"url":"https:\/\/black-sheeps.eu\/wp-content\/uploads\/2024\/03\/david-aja-1.jpg","type":"image\/jpeg"}],"twitter_card":"summary_large_image","twitter_misc":{"Est. reading time":"1 minute"},"schema":{"@context":"https:\/\/schema.org","@graph":[{"@type":"WebPage","@id":"https:\/\/black-sheeps.eu\/en\/booking\/thank-you\/","url":"https:\/\/black-sheeps.eu\/en\/booking\/thank-you\/","name":"Thank you for your interest! | Black Sheeps Adventures","isPartOf":{"@id":"https:\/\/black-sheeps.eu\/cs\/#website"},"primaryImageOfPage":{"@id":"https:\/\/black-sheeps.eu\/en\/booking\/thank-you\/#primaryimage"},"image":{"@id":"https:\/\/black-sheeps.eu\/en\/booking\/thank-you\/#primaryimage"},"thumbnailUrl":"https:\/\/black-sheeps.eu\/wp-content\/uploads\/2024\/03\/david-aja-1-1024x672.jpg","datePublished":"2024-03-14T08:49:29+00:00","dateModified":"2025-06-26T08:06:37+00:00","description":"Your request has been received \u2013 Black Sheeps Adventures will get back to you shortly with all the information you need for your adventure.","breadcrumb":{"@id":"https:\/\/black-sheeps.eu\/en\/booking\/thank-you\/#breadcrumb"},"inLanguage":"en-US","potentialAction":[{"@type":"ReadAction","target":["https:\/\/black-sheeps.eu\/en\/booking\/thank-you\/"]}]},{"@type":"ImageObject","inLanguage":"en-US","@id":"https:\/\/black-sheeps.eu\/en\/booking\/thank-you\/#primaryimage","url":"https:\/\/black-sheeps.eu\/wp-content\/uploads\/2024\/03\/david-aja-1-1024x672.jpg","contentUrl":"https:\/\/black-sheeps.eu\/wp-content\/uploads\/2024\/03\/david-aja-1-1024x672.jpg"},{"@type":"BreadcrumbList","@id":"https:\/\/black-sheeps.eu\/en\/booking\/thank-you\/#breadcrumb","itemListElement":[{"@type":"ListItem","position":1,"name":"Home","item":"https:\/\/black-sheeps.eu\/en\/introduction\/"},{"@type":"ListItem","position":2,"name":"Activity booking form","item":"https:\/\/black-sheeps.eu\/en\/booking\/"},{"@type":"ListItem","position":3,"name":"Thank you for your interest!"}]},{"@type":"WebSite","@id":"https:\/\/black-sheeps.eu\/cs\/#website","url":"https:\/\/black-sheeps.eu\/cs\/","name":"Black Sheep Adventures","description":"Adrenal\u00ednov\u00e9 z\u00e1\u017eitky, teambuildingov\u00e9 z\u00e1jazdy, v\u00edkendov\u00e9 pobyty - kayaking, rafting, paragliding, kanyoning, jachting","publisher":{"@id":"https:\/\/black-sheeps.eu\/cs\/#organization"},"potentialAction":[{"@type":"SearchAction","target":{"@type":"EntryPoint","urlTemplate":"https:\/\/black-sheeps.eu\/cs\/?s={search_term_string}"},"query-input":{"@type":"PropertyValueSpecification","valueRequired":true,"valueName":"search_term_string"}}],"inLanguage":"en-US"},{"@type":"Organization","@id":"https:\/\/black-sheeps.eu\/cs\/#organization","name":"Black Sheep Adventures","url":"https:\/\/black-sheeps.eu\/cs\/","logo":{"@type":"ImageObject","inLanguage":"en-US","@id":"https:\/\/black-sheeps.eu\/cs\/#\/schema\/logo\/image\/","url":"","contentUrl":"","caption":"Black Sheep Adventures"},"image":{"@id":"https:\/\/black-sheeps.eu\/cs\/#\/schema\/logo\/image\/"},"sameAs":["https:\/\/www.facebook.com\/BlackSheepsAdventuresBlack\/"]}]}},"taxonomy_info":[],"featured_image_src_large":false,"author_info":{"display_name":"Black Sheeps","author_link":"https:\/\/black-sheeps.eu\/en\/author\/adminator\/"},"comment_info":0,"_links":{"self":[{"href":"https:\/\/black-sheeps.eu\/en\/wp-json\/wp\/v2\/pages\/11347","targetHints":{"allow":["GET"]}}],"collection":[{"href":"https:\/\/black-sheeps.eu\/en\/wp-json\/wp\/v2\/pages"}],"about":[{"href":"https:\/\/black-sheeps.eu\/en\/wp-json\/wp\/v2\/types\/page"}],"author":[{"embeddable":true,"href":"https:\/\/black-sheeps.eu\/en\/wp-json\/wp\/v2\/users\/1"}],"replies":[{"embeddable":true,"href":"https:\/\/black-sheeps.eu\/en\/wp-json\/wp\/v2\/comments?post=11347"}],"version-history":[{"count":3,"href":"https:\/\/black-sheeps.eu\/en\/wp-json\/wp\/v2\/pages\/11347\/revisions"}],"predecessor-version":[{"id":11606,"href":"https:\/\/black-sheeps.eu\/en\/wp-json\/wp\/v2\/pages\/11347\/revisions\/11606"}],"up":[{"embeddable":true,"href":"https:\/\/black-sheeps.eu\/en\/wp-json\/wp\/v2\/pages\/8733"}],"wp:attachment":[{"href":"https:\/\/black-sheeps.eu\/en\/wp-json\/wp\/v2\/media?parent=11347"}],"curies":[{"name":"wp","href":"https:\/\/api.w.org\/{rel}","templated":true}]}}