
{"id":9631,"date":"2024-02-15T10:29:59","date_gmt":"2024-02-15T10:29:59","guid":{"rendered":"https:\/\/black-sheeps.eu\/?page_id=9631"},"modified":"2026-01-20T10:10:35","modified_gmt":"2026-01-20T10:10:35","slug":"allgemeine-geschaeftsbedingungen-aktivitaeten","status":"publish","type":"page","link":"https:\/\/black-sheeps.eu\/de\/allgemeine-geschaeftsbedingungen-aktivitaeten\/","title":{"rendered":"Allgemeine Gesch\u00e4ftsbedingungen \u2013 Aktivit\u00e4ten"},"content":{"rendered":"\n<h1 class=\"wp-block-heading\">Allgemeine Gesch\u00e4ftsbedingungen &#8211; Aktivit\u00e4ten<\/h1>\n\n\n\n<p><b>BLACK SHEEPS Adventures KG<\/b><\/p>\n\n\n\n<p>Die Allgemeinen Gesch\u00e4ftsbedingungen der Black Sheeps Adventures KG, im Nachfolgenden nur Black Sheeps genannt:<\/p>\n\n\n\n<p>G\u00fcltig ab 1.5.2025<\/p>\n\n\n\n<h3 class=\"wp-block-heading\">1. Anmeldung \/ Anzahlung<\/h3>\n\n\n\n<p>Die Anmeldung zu Aktivit\u00e4ten kann schriftlich, telefonisch oder pers\u00f6nlich erfolgen. Nach telefonischer, schriftlicher oder pers\u00f6nlicher Best\u00e4tigung durch Black Sheeps ist die Anmeldung verbindlich, und der Vertrag \u00fcber die Aktivit\u00e4t oder Unterkunft tritt in Kraft. Sofern nicht anders vereinbart, ist unmittelbar nach erfolgreicher Anmeldung eine Anzahlung eines Teils des Gesamtbetrags auf das Konto von Black Sheeps bei der Tatra Banka SK (Swift-Code: SK7711000000002944054654 \/ BIC: TATRSKBX) zu leisten.<\/p>\n\n\n\n<h3 class=\"wp-block-heading\">2. Stornoregelungen<\/h3>\n\n\n\n<p>Es gelten die Allgemeinen Gesch\u00e4ftsbedingungen f\u00fcr die Hotellerie (AGBH 2006), die folgende Stornobedingungen vorsehen:<\/p>\n\n\n\n<p>Bis sp\u00e4testens 3 Monate vor dem vereinbarten Ankunftstag kann der Vertrag ohne Stornogeb\u00fchr von jeder Vertragspartei aufgel\u00f6st werden. <br>1 Monat vor dem Ankunftstag: 40 % des Gesamtpreises.<br>Bis 1 Woche vor dem Ankunftstag: 70 % des Gesamtpreises.<br>In der letzten Woche vor dem Ankunftstag: 90 % des Gesamtpreises.<br>Bei Nichterscheinen zur Unterkunft\/Aktivit\u00e4t: 100 % des Gesamtpreises.<\/p>\n\n\n\n<h3 class=\"wp-block-heading\">3. Leistungen<\/h3>\n\n\n\n<p>Eine genaue Beschreibung der Leistungen finden Sie im jeweiligen Programmbeschrieb. Auch Einzelpersonen k\u00f6nnen buchen; der Termin wird entsprechend der Verf\u00fcgbarkeit angepasst. Ein fester Termin ist ab 4 Personen m\u00f6glich.<\/p>\n\n\n\n<h3 class=\"wp-block-heading\">4. Teilnahmebedingungen<\/h3>\n\n\n\n<p>Jeder Teilnehmer best\u00e4tigt mit seiner Unterschrift auf der Teilnehmerliste, dass er die f\u00fcr die gew\u00e4hlte Aktivit\u00e4t erforderlichen physischen und psychischen Voraussetzungen erf\u00fcllt, wie in den Bedingungen angegeben.<\/p>\n\n\n\n<h3 class=\"wp-block-heading\">5. Alkohol\/Medikamente\/Drogen<\/h3>\n\n\n\n<p>Personen unter Einfluss von Alkohol, Drogen oder Medikamenten werden ohne Anspruch auf R\u00fcckerstattung von der Aktivit\u00e4t ausgeschlossen. Jeder Teilnehmer ist verpflichtet, den Guide vor der Aktivit\u00e4t \u00fcber m\u00f6gliche gesundheitliche Probleme (z.\u202fB. Asthma, Allergien) zu informieren und die Verf\u00fcgbarkeit notwendiger Medikamente w\u00e4hrend der Aktivit\u00e4t sicherzustellen.&nbsp;<\/p>\n\n\n\n<h3 class=\"wp-block-heading\">6. Haftungsbeschr\u00e4nkung<\/h3>\n\n\n\n<p>Jeder Teilnehmer ist sich bewusst, dass er an einer Abenteueraktivit\u00e4t teilnimmt, die nicht den Komfort und die Sicherheit einer Standardaktivit\u00e4t bietet. Die Aktivit\u00e4ten von Black Sheeps werden von ausgebildeten Guides geleitet. Die Ausr\u00fcstung entspricht den neuesten Sicherheitsstandards. Jede Aktivit\u00e4t ist sorgf\u00e4ltig geplant, vorbereitet und erprobt. Vor jeder Aktivit\u00e4t erfolgt eine Sicherheitseinweisung durch den Guide. Risiken verschiedener Art k\u00f6nnen nicht ausgeschlossen werden. Die Haftung von Black Sheeps und des Guides f\u00fcr Sch\u00e4den an Eigentum oder Gesundheit, die durch die Teilnahme an der Aktivit\u00e4t entstehen, ist auf grobe Fahrl\u00e4ssigkeit und Vorsatz beschr\u00e4nkt. Die Haftung f\u00fcr Verletzungen, die durch objektive (nat\u00fcrliche) Risiken oder durch das Verhalten Dritter (z.\u202fB. anderer Teilnehmer) entstehen, ist ebenfalls auf grobe Fahrl\u00e4ssigkeit und Vorsatz beschr\u00e4nkt. Es besteht keine Haftung f\u00fcr Handlungen oder Sch\u00e4den, die durch Aktivit\u00e4ten au\u00dferhalb des gebuchten Programms entstehen.&nbsp;<\/p>\n\n\n\n<h3 class=\"wp-block-heading\">7. Sorgfaltspflicht<\/h3>\n\n\n\n<p>Der Teilnehmer hat alle Sicherheitsanweisungen des Guides zu befolgen und aktiv an der Aktivit\u00e4t teilzunehmen. Die Teilnehmer sind verpflichtet, sich gegenseitig zu unterst\u00fctzen.<\/p>\n\n\n\n<h3 class=\"wp-block-heading\">8. Voraussetzungen<\/h3>\n\n\n\n<p>Der Guide ist berechtigt, Teilnehmer von der Aktivit\u00e4t auszuschlie\u00dfen oder die Aktivit\u00e4t abzubrechen, wenn Teilnehmer gegen diese (insbesondere Sicherheits-Bedingungen) versto\u00dfen oder die erforderlichen Voraussetzungen nicht erf\u00fcllen (ohne Anspruch auf Entsch\u00e4digung). Der Guide beh\u00e4lt sich das Recht vor, das Programm aufgrund unvorhergesehener Umst\u00e4nde, die die Sicherheit der G\u00e4ste gef\u00e4hrden k\u00f6nnten (z.\u202fB. Hochwasser, Wetter\u00e4nderungen, unzureichende F\u00e4higkeiten der Teilnehmer), zu \u00e4ndern, zu erweitern oder einzuschr\u00e4nken. In solchen F\u00e4llen besteht kein Anspruch auf Schadensersatz gegen\u00fcber Black Sheeps oder dem Guide.&nbsp;<\/p>\n\n\n\n<h3 class=\"wp-block-heading\">9. Sch\u00e4den<\/h3>\n\n\n\n<p>Der Teilnehmer ist verpflichtet, jeden Schaden, oder jede Verletzung dem Guide unverz\u00fcglich zu melden.<\/p>\n\n\n\n<h3 class=\"wp-block-heading\">10. Zeitlicher Ablauf<\/h3>\n\n\n\n<p>Die Dauer der Aktivit\u00e4t kann nicht im Voraus genau gesch\u00e4tzt werden. Die angegebenen Zeiten sind Richtwerte. Es wird keine Garantie f\u00fcr die Einhaltung dieser Zeiten \u00fcbernommen.<\/p>\n\n\n\n<h3 class=\"wp-block-heading\">11. Erg\u00e4nzung durch weitere Teilnehmer<\/h3>\n\n\n\n<p>Black Sheeps beh\u00e4lt sich das Recht vor, freie Pl\u00e4tze in der Aktivit\u00e4t mit anderen Teilnehmern aufzuf\u00fcllen, bis zur vollen Kapazit\u00e4t, sofern nicht anders vereinbart.<\/p>\n\n\n\n<h3 class=\"wp-block-heading\">12. Transport<\/h3>\n\n\n\n<p>Black Sheeps haftet nicht f\u00fcr Sch\u00e4den oder Unf\u00e4lle, die bei der Anreise mit privaten Fahrzeugen zum Sitz von Black Sheeps oder bei der R\u00fcckreise entstehen. Der Transfer mit Fahrzeugen von Black Sheeps ist rein freiwillig und im Rahmen der Aktivit\u00e4t kostenlos.<\/p>\n\n\n\n<h3 class=\"wp-block-heading\">13. Gerichtsstand<\/h3>\n\n\n\n<p>Es gilt \u00f6sterreichisches Recht (unter Ausschluss der Verweisungsnormen und des UN-Kaufrechts). Erf\u00fcllungsort ist A-8924 Wildalpen. Es wird die ausschlie\u00dfliche \u00f6rtliche Zust\u00e4ndigkeit des f\u00fcr Wildalpen sachlich zust\u00e4ndigen Gerichts vereinbart.&nbsp;<\/p>\n\n\n\n<h3 class=\"wp-block-heading\">14. Druckfehler<\/h3>\n\n\n\n<p>Preis- oder Programm\u00e4nderungen sowie Druckfehlerkorrekturen bleiben vorbehalten.&nbsp;<\/p>\n\n\n\n<h3 class=\"wp-block-heading\">15. Geltungsbereich<\/h3>\n\n\n\n<p>Die Punkte 1\u201315 gelten f\u00fcr alle Aktivit\u00e4ten von Black Sheeps. F\u00fcr die nachfolgend genannten Aktivit\u00e4ten gelten zus\u00e4tzlich die jeweiligen besonderen Bedingungen.<\/p>\n\n\n\n<h3 class=\"wp-block-heading\">Besondere Bedingungen f\u00fcr RAFTING bei Black Sheeps:<\/h3>\n\n\n\n<p>16. Die Teilnahme an dieser Aktivit\u00e4t erfordert ausreichende Schwimmkenntnisse in flie\u00dfendem Wasser. Die Teilnahme oder Bef\u00f6rderung von Kindern unter 6 Jahren ist nicht gestattet. Kinder im Alter von 6 bis 15 Jahren d\u00fcrfen an der Salza-Aktivit\u00e4t nur in Begleitung einer daf\u00fcr verantwortlichen Person \u00fcber 19 Jahren teilnehmen. Rafting auf der Enns ist erst ab 14 Jahren ab der Einstiegsstelle Eisenbahnbr\u00fccke nach dem Ges\u00e4useeingang erlaubt.&nbsp;<\/p>\n\n\n\n<p>17. W\u00e4hrend der Fahrt ist jeder Teilnehmer verantwortlich daf\u00fcr, dass der Kinnriemen des Helms und die Verschl\u00fcsse der Schwimmweste geschlossen und ausreichend festgezogen sind. Jeder Teilnehmer ist daf\u00fcr verantwortlich, dass er die f\u00fcr die Aktivit\u00e4t notwendige Ausr\u00fcstung mitf\u00fchrt. Der Guide hat das Recht, einen Teilnehmer von der Aktivit\u00e4t auszuschlie\u00dfen, wenn festgestellt wird, dass der Teilnehmer etwas vergessen hat (nicht vollst\u00e4ndige Ausr\u00fcstung) \u2013 sofern dieser Umstand auf Nachl\u00e4ssigkeit des Teilnehmers zur\u00fcckzuf\u00fchren ist.&nbsp;<\/p>\n\n\n\n<p>18. Rauchen und L\u00e4rmen w\u00e4hrend der Fahrt sind verboten. Ebenso ist das Wegwerfen von Abf\u00e4llen au\u00dferhalb der daf\u00fcr vorgesehenen Beh\u00e4lter untersagt.&nbsp;<\/p>\n\n\n\n<p>19. Der Teilnehmer ist verpflichtet, beim Verladen und Entladen des Bootes in das und aus dem Transportfahrzeug mitzuhelfen.&nbsp;<\/p>\n\n\n\n<p>20. Es liegt in der Verantwortung des Teilnehmers, beim Ein- und Aussteigen aus dem Boot besonders vorsichtig zu sein, da mit Untiefen, rutschigen Steinen, unterschiedlichen Str\u00f6mungen und unerwarteten Bewegungen des Bootes zu rechnen ist, was das Verletzungsrisiko erh\u00f6ht.&nbsp;<\/p>\n\n\n\n<p>21. Die Nutzung des Sprungbereichs im Bereich Wasserlochklamm sowie das Schwimmen im Wildwasser sind nicht Teil des Programms und erfolgen auf eigene Gefahr, ebenso wie die Nutzung des Sprungbereichs in der Palfauer Schlucht.&nbsp;<\/p>\n\n\n\n<ol start=\"15\" class=\"wp-block-list\">\n<li><\/li>\n<\/ol>\n\n\n\n<h3 class=\"wp-block-heading\">Besondere Bedingungen f\u00fcr KAJAK, RIVERBUG und KANU bei Black Sheeps:<\/h3>\n\n\n\n<p>Zus\u00e4tzlich zu den Punkten 1\u201321 gelten f\u00fcr diese Aktivit\u00e4ten folgende Bedingungen:<\/p>\n\n\n\n<p>22. Jeder Teilnehmer muss sicherstellen, dass sich die gesamte Gruppe in Sichtweite bewegt. Gegebenenfalls ist an einem geeigneten und sicheren Ort anzuhalten, um den Kontakt wiederherzustellen (auf den Rest der Gruppe warten).&nbsp;<\/p>\n\n\n\n<p>23. Uferbereiche mit \u00fcberh\u00e4ngenden B\u00e4umen und Str\u00e4uchern sind zu meiden (Gefahr des H\u00e4ngenbleibens).&nbsp;<\/p>\n\n\n\n<p>24. Es wird ausdr\u00fccklich darauf hingewiesen, dass bei diesen Aktivit\u00e4ten kein Guide von Black Sheeps im Boot des Kunden anwesend ist. Die Gruppe wird entsprechend geschult und von einem Guide von Black Sheeps in einem eigenen Boot begleitet. Die Teilnehmer m\u00fcssen ihr Boot eigenst\u00e4ndig steuern und potenziellen Gefahrenstellen ausweichen. Black Sheeps \u00fcbernimmt keine Haftung f\u00fcr Sch\u00e4den, Anspr\u00fcche und Verletzungen, die w\u00e4hrend dieser Aktivit\u00e4ten entstehen, sondern erteilt lediglich Anweisungen und vermietet die Ausr\u00fcstung.&nbsp;<\/p>\n\n\n\n<h3 class=\"wp-block-heading\">Besondere Bedingungen f\u00fcr CANYONING bei Black Sheeps:<\/h3>\n\n\n\n<p>Zus\u00e4tzlich zu den Punkten 1\u201324 gelten f\u00fcr diese Aktivit\u00e4ten folgende Bedingungen:<\/p>\n\n\n\n<p>25. Die Aktivit\u00e4t im Canyon findet \u00fcberwiegend in unmarkiertem Gel\u00e4nde statt, wo besonders rutschige Stellen zu erwarten sind. Ein Ausrutschen kann jederzeit passieren. Jeder Teilnehmer muss sich daher besonders vorsichtig und umsichtig bewegen. Der Guide zeigt den Teilnehmern, wie man sich im Canyon sicher fortbewegt.<\/p>\n\n\n\n<p>26. Alle Stellen, an denen Absturzgefahr besteht, sind f\u00fcr Teilnehmer nur unter Aufsicht des Guides und mit ausreichender Sicherung zug\u00e4nglich. Das Risiko von Steinschlag kann im Canyon nicht ausgeschlossen werden.<\/p>\n\n\n\n<p>27. Jeder Teilnehmer ist daf\u00fcr verantwortlich, den Sichtkontakt zu den anderen Teilnehmern und zum Guide im Canyon aufrechtzuerhalten.<\/p>\n\n\n\n<p>28. Beim Canyoning wird spezielle Ausr\u00fcstung verwendet. Vor und w\u00e4hrend der Aktivit\u00e4t erh\u00e4lt jeder Teilnehmer eine ausf\u00fchrliche Einweisung in deren Nutzung. Mit dieser Ausr\u00fcstung ist besonders vorsichtig und achtsam umzugehen.<\/p>\n\n\n\n<p>29. Springen ist nur mit ausdr\u00fccklicher Zustimmung des Canyoning-Guides erlaubt, und dessen Anweisungen sind strikt zu befolgen. In Wasserbecken k\u00f6nnen unterschiedliche Tiefen auftreten \u2013 daher darf nur an vom Guide bestimmten Stellen gesprungen werden. Ist ein Sprung f\u00fcr einen Teilnehmer aus beliebigen Gr\u00fcnden nicht m\u00f6glich, muss der Guide informiert werden, der verpflichtet ist, eine sichere Alternative zur \u00dcberwindung der H\u00f6he anzubieten. Jeder Teilnehmer muss sicherstellen, dass der Absprung von einem sicheren, nicht rutschigen Punkt erfolgt, die Arme eng am K\u00f6rper liegen und ausschlie\u00dflich mit den Beinen (leicht gebeugt) voraus gesprungen wird. Es ist davon auszugehen, dass der Boden mit den F\u00fc\u00dfen ber\u00fchrt wird, weshalb der Sprung mit den Beinen abgefedert werden muss. Das Rutschen im Bachbett ist in geneigter Position durchzuf\u00fchren \u2013 mit vorgebeugtem Kopf (Kinn auf der Brust), Armen eng am K\u00f6rper und leicht gebeugten Beinen, um einen m\u00f6glichen Bodenkontakt abzufedern. Jeder Teilnehmer muss kn\u00f6chelhohe, rutschfeste Schuhe mitbringen, die f\u00fcr unmarkiertes Gel\u00e4nde geeignet sind. F\u00fcr etwaige Sch\u00e4den an der Ausr\u00fcstung des Teilnehmers \u00fcbernimmt Black Sheeps keine Haftung.<\/p>\n\n\n\n<p>30. Jeder Teilnehmer muss sicherstellen, dass der Klettergurt, der Helm und der Karabiner stets sicher verschlossen sind. Unregelm\u00e4\u00dfigkeiten sind dem Canyoning-Guide unverz\u00fcglich zu melden. Jeder Teilnehmer ist verpflichtet, R\u00fccksicht auf andere Teilnehmer zu nehmen und dem Guide auf Anfrage angemessene Unterst\u00fctzung zu leisten.<\/p>\n\n\n\n<h3 class=\"wp-block-heading\">Besondere Bedingungen f\u00fcr AUSR\u00dcSTUNGSVERLEIH bei Black Sheeps:<\/h3>\n\n\n\n<p>31. Aktivit\u00e4ten mit geliehener Ausr\u00fcstung von Black Sheeps finden ohne Begleitung eines Guides statt. Sie erfolgen somit auf eigenes Risiko. F\u00fcr Sch\u00e4den an Eigentum oder Gesundheit wird keine Haftung \u00fcbernommen.<\/p>\n\n\n\n<p>32. Der Mieter ist verpflichtet, die geliehene Ausr\u00fcstung bei \u00dcbergabe sorgf\u00e4ltig auf Besch\u00e4digungen zu \u00fcberpr\u00fcfen und eventuelle M\u00e4ngel zu melden. Vom Mieter verursachte Sch\u00e4den an der Ausr\u00fcstung m\u00fcssen gemeldet und ersetzt werden.<\/p>\n\n\n\n<p>33.Der Mieter tr\u00e4gt die Verantwortung daf\u00fcr, \u00fcber ausreichende F\u00e4higkeiten und Erfahrungen f\u00fcr die Befahrung des geplanten Flussabschnittes zu verf\u00fcgen. Er ist mit dem Fluss und allen m\u00f6glichen Risiken vertraut.<\/p>\n\n\n\n<h3 class=\"wp-block-heading\">Fotos und Videos:<\/h3>\n\n\n\n<p>Mit der Buchung unserer Aktivit\u00e4ten erkl\u00e4rt sich der Teilnehmer damit einverstanden, dass Black Sheeps (bzw. der Guide) w\u00e4hrend des Programms Fotos und Videos vom Teilnehmer und seiner Gruppe anfertigen und diese f\u00fcr Werbezwecke ver\u00f6ffentlichen darf.<\/p>\n","protected":false},"excerpt":{"rendered":"<p>Allgemeine Gesch\u00e4ftsbedingungen &#8211; Aktivit\u00e4ten BLACK SHEEPS Adventures KG Die Allgemeinen Gesch\u00e4ftsbedingungen der Black Sheeps Adventures KG, im Nachfolgenden nur Black Sheeps genannt: G\u00fcltig ab 1.5.2025 1. Anmeldung \/ Anzahlung Die Anmeldung zu Aktivit\u00e4ten kann schriftlich, telefonisch oder pers\u00f6nlich erfolgen. Nach telefonischer, schriftlicher oder pers\u00f6nlicher Best\u00e4tigung durch Black Sheeps ist die Anmeldung verbindlich, und der Vertrag&#8230;<\/p>\n","protected":false},"author":2,"featured_media":0,"parent":0,"menu_order":0,"comment_status":"closed","ping_status":"closed","template":"","meta":{"_kad_blocks_custom_css":"","_kad_blocks_head_custom_js":"","_kad_blocks_body_custom_js":"","_kad_blocks_footer_custom_js":"","_kad_post_transparent":"","_kad_post_title":"hide","_kad_post_layout":"narrow","_kad_post_sidebar_id":"","_kad_post_content_style":"","_kad_post_vertical_padding":"","_kad_post_feature":"","_kad_post_feature_position":"","_kad_post_header":false,"_kad_post_footer":false,"_kad_post_classname":"","footnotes":""},"class_list":["post-9631","page","type-page","status-publish","hentry"],"yoast_head":"<!-- This site is optimized with the Yoast SEO plugin v27.4 - https:\/\/yoast.com\/product\/yoast-seo-wordpress\/ -->\n<title>Allgemeine Gesch\u00e4ftsbedingungen | Aktivit\u00e4ten<\/title>\n<meta name=\"description\" content=\"Infos zu Buchung, Storno, Teilnahme &amp; Sicherheit bei unseren Outdoor-Aktivit\u00e4ten \u2013 fair, transparent &amp; professionell.\" \/>\n<meta name=\"robots\" content=\"index, follow, max-snippet:-1, max-image-preview:large, max-video-preview:-1\" \/>\n<link rel=\"canonical\" href=\"https:\/\/black-sheeps.eu\/de\/allgemeine-geschaeftsbedingungen-aktivitaeten\/\" \/>\n<meta property=\"og:locale\" content=\"de_DE\" \/>\n<meta property=\"og:type\" content=\"article\" \/>\n<meta property=\"og:title\" content=\"Allgemeine Gesch\u00e4ftsbedingungen | Aktivit\u00e4ten\" \/>\n<meta property=\"og:description\" content=\"Infos zu Buchung, Storno, Teilnahme &amp; Sicherheit bei unseren Outdoor-Aktivit\u00e4ten \u2013 fair, transparent &amp; professionell.\" \/>\n<meta property=\"og:url\" content=\"https:\/\/black-sheeps.eu\/de\/allgemeine-geschaeftsbedingungen-aktivitaeten\/\" \/>\n<meta property=\"og:site_name\" content=\"Black Sheep Adventures\" \/>\n<meta property=\"article:publisher\" content=\"https:\/\/www.facebook.com\/BlackSheepsAdventuresBlack\/\" \/>\n<meta property=\"article:modified_time\" content=\"2026-01-20T10:10:35+00:00\" \/>\n<meta property=\"og:image\" content=\"https:\/\/black-sheeps.eu\/wp-content\/uploads\/2024\/01\/Wildwasser_c-Stefan-Leitner_Gesaeuse_7.jpg\" \/>\n\t<meta property=\"og:image:width\" content=\"1920\" \/>\n\t<meta property=\"og:image:height\" content=\"1440\" \/>\n\t<meta property=\"og:image:type\" content=\"image\/jpeg\" \/>\n<meta name=\"twitter:card\" content=\"summary_large_image\" \/>\n<meta name=\"twitter:label1\" content=\"Gesch\u00e4tzte Lesezeit\" \/>\n\t<meta name=\"twitter:data1\" content=\"7\u00a0Minuten\" \/>\n<script type=\"application\/ld+json\" class=\"yoast-schema-graph\">{\"@context\":\"https:\\\/\\\/schema.org\",\"@graph\":[{\"@type\":\"WebPage\",\"@id\":\"https:\\\/\\\/black-sheeps.eu\\\/de\\\/allgemeine-geschaeftsbedingungen-aktivitaeten\\\/\",\"url\":\"https:\\\/\\\/black-sheeps.eu\\\/de\\\/allgemeine-geschaeftsbedingungen-aktivitaeten\\\/\",\"name\":\"Allgemeine Gesch\u00e4ftsbedingungen | Aktivit\u00e4ten\",\"isPartOf\":{\"@id\":\"https:\\\/\\\/black-sheeps.eu\\\/cs\\\/#website\"},\"datePublished\":\"2024-02-15T10:29:59+00:00\",\"dateModified\":\"2026-01-20T10:10:35+00:00\",\"description\":\"Infos zu Buchung, Storno, Teilnahme & Sicherheit bei unseren Outdoor-Aktivit\u00e4ten \u2013 fair, transparent & professionell.\",\"breadcrumb\":{\"@id\":\"https:\\\/\\\/black-sheeps.eu\\\/de\\\/allgemeine-geschaeftsbedingungen-aktivitaeten\\\/#breadcrumb\"},\"inLanguage\":\"de\",\"potentialAction\":[{\"@type\":\"ReadAction\",\"target\":[\"https:\\\/\\\/black-sheeps.eu\\\/de\\\/allgemeine-geschaeftsbedingungen-aktivitaeten\\\/\"]}]},{\"@type\":\"BreadcrumbList\",\"@id\":\"https:\\\/\\\/black-sheeps.eu\\\/de\\\/allgemeine-geschaeftsbedingungen-aktivitaeten\\\/#breadcrumb\",\"itemListElement\":[{\"@type\":\"ListItem\",\"position\":1,\"name\":\"Home\",\"item\":\"https:\\\/\\\/black-sheeps.eu\\\/de\\\/\"},{\"@type\":\"ListItem\",\"position\":2,\"name\":\"Allgemeine Gesch\u00e4ftsbedingungen \u2013 Aktivit\u00e4ten\"}]},{\"@type\":\"WebSite\",\"@id\":\"https:\\\/\\\/black-sheeps.eu\\\/cs\\\/#website\",\"url\":\"https:\\\/\\\/black-sheeps.eu\\\/cs\\\/\",\"name\":\"Black Sheep Adventures\",\"description\":\"Adrenal\u00ednov\u00e9 z\u00e1\u017eitky, teambuildingov\u00e9 z\u00e1jazdy, v\u00edkendov\u00e9 pobyty - kayaking, rafting, paragliding, kanyoning, jachting\",\"publisher\":{\"@id\":\"https:\\\/\\\/black-sheeps.eu\\\/cs\\\/#organization\"},\"potentialAction\":[{\"@type\":\"SearchAction\",\"target\":{\"@type\":\"EntryPoint\",\"urlTemplate\":\"https:\\\/\\\/black-sheeps.eu\\\/cs\\\/?s={search_term_string}\"},\"query-input\":{\"@type\":\"PropertyValueSpecification\",\"valueRequired\":true,\"valueName\":\"search_term_string\"}}],\"inLanguage\":\"de\"},{\"@type\":\"Organization\",\"@id\":\"https:\\\/\\\/black-sheeps.eu\\\/cs\\\/#organization\",\"name\":\"Black Sheep Adventures\",\"url\":\"https:\\\/\\\/black-sheeps.eu\\\/cs\\\/\",\"logo\":{\"@type\":\"ImageObject\",\"inLanguage\":\"de\",\"@id\":\"https:\\\/\\\/black-sheeps.eu\\\/cs\\\/#\\\/schema\\\/logo\\\/image\\\/\",\"url\":\"\",\"contentUrl\":\"\",\"caption\":\"Black Sheep Adventures\"},\"image\":{\"@id\":\"https:\\\/\\\/black-sheeps.eu\\\/cs\\\/#\\\/schema\\\/logo\\\/image\\\/\"},\"sameAs\":[\"https:\\\/\\\/www.facebook.com\\\/BlackSheepsAdventuresBlack\\\/\"]}]}<\/script>\n<!-- \/ Yoast SEO plugin. -->","yoast_head_json":{"title":"Allgemeine Gesch\u00e4ftsbedingungen | Aktivit\u00e4ten","description":"Infos zu Buchung, Storno, Teilnahme & Sicherheit bei unseren Outdoor-Aktivit\u00e4ten \u2013 fair, transparent & professionell.","robots":{"index":"index","follow":"follow","max-snippet":"max-snippet:-1","max-image-preview":"max-image-preview:large","max-video-preview":"max-video-preview:-1"},"canonical":"https:\/\/black-sheeps.eu\/de\/allgemeine-geschaeftsbedingungen-aktivitaeten\/","og_locale":"de_DE","og_type":"article","og_title":"Allgemeine Gesch\u00e4ftsbedingungen | Aktivit\u00e4ten","og_description":"Infos zu Buchung, Storno, Teilnahme & Sicherheit bei unseren Outdoor-Aktivit\u00e4ten \u2013 fair, transparent & professionell.","og_url":"https:\/\/black-sheeps.eu\/de\/allgemeine-geschaeftsbedingungen-aktivitaeten\/","og_site_name":"Black Sheep Adventures","article_publisher":"https:\/\/www.facebook.com\/BlackSheepsAdventuresBlack\/","article_modified_time":"2026-01-20T10:10:35+00:00","og_image":[{"width":1920,"height":1440,"url":"https:\/\/black-sheeps.eu\/wp-content\/uploads\/2024\/01\/Wildwasser_c-Stefan-Leitner_Gesaeuse_7.jpg","type":"image\/jpeg"}],"twitter_card":"summary_large_image","twitter_misc":{"Gesch\u00e4tzte Lesezeit":"7\u00a0Minuten"},"schema":{"@context":"https:\/\/schema.org","@graph":[{"@type":"WebPage","@id":"https:\/\/black-sheeps.eu\/de\/allgemeine-geschaeftsbedingungen-aktivitaeten\/","url":"https:\/\/black-sheeps.eu\/de\/allgemeine-geschaeftsbedingungen-aktivitaeten\/","name":"Allgemeine Gesch\u00e4ftsbedingungen | Aktivit\u00e4ten","isPartOf":{"@id":"https:\/\/black-sheeps.eu\/cs\/#website"},"datePublished":"2024-02-15T10:29:59+00:00","dateModified":"2026-01-20T10:10:35+00:00","description":"Infos zu Buchung, Storno, Teilnahme & Sicherheit bei unseren Outdoor-Aktivit\u00e4ten \u2013 fair, transparent & professionell.","breadcrumb":{"@id":"https:\/\/black-sheeps.eu\/de\/allgemeine-geschaeftsbedingungen-aktivitaeten\/#breadcrumb"},"inLanguage":"de","potentialAction":[{"@type":"ReadAction","target":["https:\/\/black-sheeps.eu\/de\/allgemeine-geschaeftsbedingungen-aktivitaeten\/"]}]},{"@type":"BreadcrumbList","@id":"https:\/\/black-sheeps.eu\/de\/allgemeine-geschaeftsbedingungen-aktivitaeten\/#breadcrumb","itemListElement":[{"@type":"ListItem","position":1,"name":"Home","item":"https:\/\/black-sheeps.eu\/de\/"},{"@type":"ListItem","position":2,"name":"Allgemeine Gesch\u00e4ftsbedingungen \u2013 Aktivit\u00e4ten"}]},{"@type":"WebSite","@id":"https:\/\/black-sheeps.eu\/cs\/#website","url":"https:\/\/black-sheeps.eu\/cs\/","name":"Black Sheep Adventures","description":"Adrenal\u00ednov\u00e9 z\u00e1\u017eitky, teambuildingov\u00e9 z\u00e1jazdy, v\u00edkendov\u00e9 pobyty - kayaking, rafting, paragliding, kanyoning, jachting","publisher":{"@id":"https:\/\/black-sheeps.eu\/cs\/#organization"},"potentialAction":[{"@type":"SearchAction","target":{"@type":"EntryPoint","urlTemplate":"https:\/\/black-sheeps.eu\/cs\/?s={search_term_string}"},"query-input":{"@type":"PropertyValueSpecification","valueRequired":true,"valueName":"search_term_string"}}],"inLanguage":"de"},{"@type":"Organization","@id":"https:\/\/black-sheeps.eu\/cs\/#organization","name":"Black Sheep Adventures","url":"https:\/\/black-sheeps.eu\/cs\/","logo":{"@type":"ImageObject","inLanguage":"de","@id":"https:\/\/black-sheeps.eu\/cs\/#\/schema\/logo\/image\/","url":"","contentUrl":"","caption":"Black Sheep Adventures"},"image":{"@id":"https:\/\/black-sheeps.eu\/cs\/#\/schema\/logo\/image\/"},"sameAs":["https:\/\/www.facebook.com\/BlackSheepsAdventuresBlack\/"]}]}},"taxonomy_info":[],"featured_image_src_large":false,"author_info":{"display_name":"David Gregorik","author_link":"https:\/\/black-sheeps.eu\/de\/author\/david\/"},"comment_info":0,"_links":{"self":[{"href":"https:\/\/black-sheeps.eu\/de\/wp-json\/wp\/v2\/pages\/9631","targetHints":{"allow":["GET"]}}],"collection":[{"href":"https:\/\/black-sheeps.eu\/de\/wp-json\/wp\/v2\/pages"}],"about":[{"href":"https:\/\/black-sheeps.eu\/de\/wp-json\/wp\/v2\/types\/page"}],"author":[{"embeddable":true,"href":"https:\/\/black-sheeps.eu\/de\/wp-json\/wp\/v2\/users\/2"}],"replies":[{"embeddable":true,"href":"https:\/\/black-sheeps.eu\/de\/wp-json\/wp\/v2\/comments?post=9631"}],"version-history":[{"count":3,"href":"https:\/\/black-sheeps.eu\/de\/wp-json\/wp\/v2\/pages\/9631\/revisions"}],"predecessor-version":[{"id":11957,"href":"https:\/\/black-sheeps.eu\/de\/wp-json\/wp\/v2\/pages\/9631\/revisions\/11957"}],"wp:attachment":[{"href":"https:\/\/black-sheeps.eu\/de\/wp-json\/wp\/v2\/media?parent=9631"}],"curies":[{"name":"wp","href":"https:\/\/api.w.org\/{rel}","templated":true}]}}