
{"id":11349,"date":"2024-03-14T08:50:42","date_gmt":"2024-03-14T08:50:42","guid":{"rendered":"https:\/\/black-sheeps.eu\/buchung\/dankeschoen\/"},"modified":"2025-07-07T10:38:08","modified_gmt":"2025-07-07T10:38:08","slug":"dankeschoen","status":"publish","type":"page","link":"https:\/\/black-sheeps.eu\/de\/buchung\/dankeschoen\/","title":{"rendered":"Danke f\u00fcr Ihr Interesse!"},"content":{"rendered":"<style>.kadence-column11341_0dd883-8e > .kt-inside-inner-col{display:flex;}.kadence-column11341_0dd883-8e > .kt-inside-inner-col,.kadence-column11341_0dd883-8e > .kt-inside-inner-col:before{border-top-left-radius:0px;border-top-right-radius:0px;border-bottom-right-radius:0px;border-bottom-left-radius:0px;}.kadence-column11341_0dd883-8e > .kt-inside-inner-col{column-gap:var(--global-kb-gap-sm, 1rem);}.kadence-column11341_0dd883-8e > .kt-inside-inner-col{flex-direction:row;flex-wrap:wrap;align-items:center;}.kadence-column11341_0dd883-8e > .kt-inside-inner-col > *, .kadence-column11341_0dd883-8e > .kt-inside-inner-col > figure.wp-block-image, .kadence-column11341_0dd883-8e > .kt-inside-inner-col > figure.wp-block-kadence-image{margin-top:0px;margin-bottom:0px;}.kadence-column11341_0dd883-8e > .kt-inside-inner-col > .kb-image-is-ratio-size{flex-grow:1;}.kadence-column11341_0dd883-8e > .kt-inside-inner-col:before{opacity:0.3;}.kadence-column11341_0dd883-8e{position:relative;}@media all and (max-width: 1024px){.kadence-column11341_0dd883-8e > .kt-inside-inner-col{flex-direction:row;flex-wrap:wrap;align-items:center;}}@media all and (min-width: 768px) and (max-width: 1024px){.kadence-column11341_0dd883-8e > .kt-inside-inner-col > *, .kadence-column11341_0dd883-8e > .kt-inside-inner-col > figure.wp-block-image, .kadence-column11341_0dd883-8e > .kt-inside-inner-col > figure.wp-block-kadence-image{margin-top:0px;margin-bottom:0px;}.kadence-column11341_0dd883-8e > .kt-inside-inner-col > .kb-image-is-ratio-size{flex-grow:1;}}@media all and (max-width: 767px){.kadence-column11341_0dd883-8e > .kt-inside-inner-col{flex-direction:column;justify-content:center;align-items:stretch;flex-wrap:nowrap;}.wp-block-kadence-column.kb-section-dir-horizontal.kadence-column11341_0dd883-8e > .kt-inside-inner-col > .wp-block-kadence-infobox{align-self:unset;}}<\/style>\n<div class=\"wp-block-kadence-column kadence-column11341_0dd883-8e kb-section-dir-horizontal kb-section-sm-dir-vertical\"><div class=\"kt-inside-inner-col\"><style>.kadence-column11341_36ebd4-37 > .kt-inside-inner-col,.kadence-column11341_36ebd4-37 > .kt-inside-inner-col:before{border-top-left-radius:0px;border-top-right-radius:0px;border-bottom-right-radius:0px;border-bottom-left-radius:0px;}.kadence-column11341_36ebd4-37 > .kt-inside-inner-col{column-gap:var(--global-kb-gap-sm, 1rem);}.kadence-column11341_36ebd4-37 > .kt-inside-inner-col{flex-direction:column;}.kadence-column11341_36ebd4-37 > .kt-inside-inner-col > .aligncenter{width:100%;}.kadence-column11341_36ebd4-37 > .kt-inside-inner-col:before{opacity:0.3;}.kadence-column11341_36ebd4-37{position:relative;}@media all and (max-width: 1024px){.kadence-column11341_36ebd4-37 > .kt-inside-inner-col{flex-direction:column;justify-content:center;}}@media all and (max-width: 767px){.kadence-column11341_36ebd4-37 > .kt-inside-inner-col{flex-direction:column;justify-content:center;}}<\/style>\n<div class=\"wp-block-kadence-column kadence-column11341_36ebd4-37\"><div class=\"kt-inside-inner-col\"><style>.kb-image11341_5eccc4-68 .kb-image-has-overlay:after{opacity:0.3;}<\/style>\n<div class=\"wp-block-kadence-image kb-image11341_5eccc4-68\"><figure class=\"aligncenter size-medium_large\"><a href=\"https:\/\/black-sheeps.eu\/wp-content\/uploads\/2024\/03\/david-aja-768x504.jpg\" class=\"kb-advanced-image-link\"><img fetchpriority=\"high\" decoding=\"async\" width=\"768\" height=\"504\" src=\"https:\/\/black-sheeps.eu\/wp-content\/uploads\/2024\/03\/david-aja-768x504.jpg\" alt=\"\" class=\"kb-img wp-image-10901\" srcset=\"https:\/\/black-sheeps.eu\/wp-content\/uploads\/2024\/03\/david-aja-768x504.jpg 768w, https:\/\/black-sheeps.eu\/wp-content\/uploads\/2024\/03\/david-aja-600x394.jpg 600w, https:\/\/black-sheeps.eu\/wp-content\/uploads\/2024\/03\/david-aja-300x197.jpg 300w, https:\/\/black-sheeps.eu\/wp-content\/uploads\/2024\/03\/david-aja-1024x672.jpg 1024w, https:\/\/black-sheeps.eu\/wp-content\/uploads\/2024\/03\/david-aja-1536x1008.jpg 1536w, https:\/\/black-sheeps.eu\/wp-content\/uploads\/2024\/03\/david-aja.jpg 1545w\" sizes=\"(max-width: 768px) 100vw, 768px\" \/><\/a><\/figure><\/div>\n<\/div><\/div>\n\n\n<style>.kadence-column11341_a20105-2a > .kt-inside-inner-col,.kadence-column11341_a20105-2a > .kt-inside-inner-col:before{border-top-left-radius:0px;border-top-right-radius:0px;border-bottom-right-radius:0px;border-bottom-left-radius:0px;}.kadence-column11341_a20105-2a > .kt-inside-inner-col{column-gap:var(--global-kb-gap-sm, 1rem);}.kadence-column11341_a20105-2a > .kt-inside-inner-col{flex-direction:column;}.kadence-column11341_a20105-2a > .kt-inside-inner-col > .aligncenter{width:100%;}.kadence-column11341_a20105-2a > .kt-inside-inner-col:before{opacity:0.3;}.kadence-column11341_a20105-2a{position:relative;}@media all and (max-width: 1024px){.kadence-column11341_a20105-2a > .kt-inside-inner-col{flex-direction:column;justify-content:center;}}@media all and (max-width: 767px){.kadence-column11341_a20105-2a > .kt-inside-inner-col{flex-direction:column;justify-content:center;}}<\/style>\n<div class=\"wp-block-kadence-column kadence-column11341_a20105-2a\"><div class=\"kt-inside-inner-col\"><style>.wp-block-kadence-advancedheading.kt-adv-heading11341_ecd395-98, .wp-block-kadence-advancedheading.kt-adv-heading11341_ecd395-98[data-kb-block=\"kb-adv-heading11341_ecd395-98\"]{padding-top:var(--global-kb-spacing-xs, 1rem);padding-bottom:var(--global-kb-spacing-xs, 1rem);text-align:center;font-size:var(--global-kb-font-size-lg, 2rem);font-style:normal;}.wp-block-kadence-advancedheading.kt-adv-heading11341_ecd395-98 mark.kt-highlight, .wp-block-kadence-advancedheading.kt-adv-heading11341_ecd395-98[data-kb-block=\"kb-adv-heading11341_ecd395-98\"] mark.kt-highlight{font-style:normal;color:#f76a0c;-webkit-box-decoration-break:clone;box-decoration-break:clone;padding-top:0px;padding-right:0px;padding-bottom:0px;padding-left:0px;}.wp-block-kadence-advancedheading.kt-adv-heading11341_ecd395-98 img.kb-inline-image, .wp-block-kadence-advancedheading.kt-adv-heading11341_ecd395-98[data-kb-block=\"kb-adv-heading11341_ecd395-98\"] img.kb-inline-image{width:150px;vertical-align:baseline;}<\/style>\n<p class=\"kt-adv-heading11341_ecd395-98 wp-block-kadence-advancedheading\" data-kb-block=\"kb-adv-heading11341_ecd395-98\">Vielen Dank f\u00fcr Ihr Vertrauen und wir freuen uns, von Ihnen zu h\u00f6ren!<br\/>Wir werden uns so schnell wie m\u00f6glich bei Ihnen melden.<br\/>Black Sheeps Adventures Team<\/p>\n<\/div><\/div>\n<\/div><\/div>\n<style>.wp-block-kadence-advancedheading.kt-adv-heading11341_688dd6-2c, .wp-block-kadence-advancedheading.kt-adv-heading11341_688dd6-2c[data-kb-block=\"kb-adv-heading11341_688dd6-2c\"]{padding-top:var(--global-kb-spacing-xs, 1rem);padding-bottom:var(--global-kb-spacing-xs, 1rem);text-align:center;font-style:normal;}.wp-block-kadence-advancedheading.kt-adv-heading11341_688dd6-2c mark.kt-highlight, .wp-block-kadence-advancedheading.kt-adv-heading11341_688dd6-2c[data-kb-block=\"kb-adv-heading11341_688dd6-2c\"] mark.kt-highlight{font-style:normal;color:#f76a0c;-webkit-box-decoration-break:clone;box-decoration-break:clone;padding-top:0px;padding-right:0px;padding-bottom:0px;padding-left:0px;}.wp-block-kadence-advancedheading.kt-adv-heading11341_688dd6-2c img.kb-inline-image, .wp-block-kadence-advancedheading.kt-adv-heading11341_688dd6-2c[data-kb-block=\"kb-adv-heading11341_688dd6-2c\"] img.kb-inline-image{width:150px;vertical-align:baseline;}<\/style>\n<h3 class=\"kt-adv-heading11341_688dd6-2c wp-block-kadence-advancedheading\" data-kb-block=\"kb-adv-heading11341_688dd6-2c\">Entdecken Sie unsere Umgebung<\/h3>\n<style>.kadence-column11341_f4807f-91 > .kt-inside-inner-col{display:flex;}.kadence-column11341_f4807f-91 > .kt-inside-inner-col,.kadence-column11341_f4807f-91 > .kt-inside-inner-col:before{border-top-left-radius:0px;border-top-right-radius:0px;border-bottom-right-radius:0px;border-bottom-left-radius:0px;}.kadence-column11341_f4807f-91 > .kt-inside-inner-col{column-gap:var(--global-kb-gap-sm, 1rem);}.kadence-column11341_f4807f-91 > .kt-inside-inner-col{flex-direction:column;align-items:center;}.kadence-column11341_f4807f-91 > .kt-inside-inner-col > .kb-image-is-ratio-size{align-self:stretch;}.kadence-column11341_f4807f-91 > .kt-inside-inner-col > .wp-block-kadence-advancedgallery{align-self:stretch;}.kadence-column11341_f4807f-91 > .kt-inside-inner-col > .aligncenter{width:100%;}.kadence-column11341_f4807f-91 > .kt-inside-inner-col:before{opacity:0.3;}.kadence-column11341_f4807f-91{position:relative;}@media all and (max-width: 1024px){.kadence-column11341_f4807f-91 > .kt-inside-inner-col{flex-direction:column;justify-content:center;align-items:center;}}@media all and (max-width: 767px){.kadence-column11341_f4807f-91 > .kt-inside-inner-col{flex-direction:column;justify-content:center;align-items:center;}}<\/style>\n<div class=\"wp-block-kadence-column kadence-column11341_f4807f-91\"><div class=\"kt-inside-inner-col\">\n<figure class=\"wp-block-embed aligncenter is-type-wp-embed is-provider-black-sheeps-adventures-kg-adrenalinov-aktivity-v-rakousku-na-salze wp-block-embed-black-sheeps-adventures-kg-adrenalinov-aktivity-v-rakousku-na-salze\"><div class=\"wp-block-embed__wrapper\">\n<blockquote class=\"wp-embedded-content\" data-secret=\"7aAU7kMf22\"><a href=\"https:\/\/black-sheeps.eu\/de\/umgebung\/\">Umgebung<\/a><\/blockquote><iframe class=\"wp-embedded-content\" sandbox=\"allow-scripts\" security=\"restricted\" style=\"position: absolute; clip: rect(1px, 1px, 1px, 1px);\" title=\"&#8222;Umgebung&#8220; &#8212; Black Sheep Adventures\" src=\"https:\/\/black-sheeps.eu\/de\/umgebung\/embed\/#?secret=njBbDqPFRb#?secret=7aAU7kMf22\" data-secret=\"7aAU7kMf22\" width=\"600\" height=\"338\" frameborder=\"0\" marginwidth=\"0\" marginheight=\"0\" scrolling=\"no\"><\/iframe>\n<\/div><\/figure>\n<\/div><\/div>\n\n<script>\nwindow.dataLayer = window.dataLayer || [];\nwindow.dataLayer.push({\n  'event': 'formSubmission'\n});\n<\/script>\n\n<style>.rezervacebutton{display: none;} <\/style>\n","protected":false},"excerpt":{"rendered":"<p>Vielen Dank f\u00fcr Ihr Vertrauen und wir freuen uns, von Ihnen zu h\u00f6ren!Wir werden uns so schnell wie m\u00f6glich bei Ihnen melden.Black Sheeps Adventures Team Entdecken Sie unsere Umgebung<\/p>\n","protected":false},"author":1,"featured_media":0,"parent":8755,"menu_order":0,"comment_status":"closed","ping_status":"closed","template":"","meta":{"_kad_blocks_custom_css":"","_kad_blocks_head_custom_js":"","_kad_blocks_body_custom_js":"","_kad_blocks_footer_custom_js":"","_kad_post_transparent":"","_kad_post_title":"hide","_kad_post_layout":"","_kad_post_sidebar_id":"","_kad_post_content_style":"","_kad_post_vertical_padding":"","_kad_post_feature":"","_kad_post_feature_position":"","_kad_post_header":false,"_kad_post_footer":false,"_kad_post_classname":"","footnotes":""},"class_list":["post-11349","page","type-page","status-publish","hentry"],"yoast_head":"<!-- This site is optimized with the Yoast SEO plugin v27.4 - https:\/\/yoast.com\/product\/yoast-seo-wordpress\/ -->\n<title>Danke f\u00fcr dein Interesse! | Black Sheeps Adventures<\/title>\n<meta name=\"description\" content=\"Vielen Dank f\u00fcr Ihre Anfrage bei Black Sheeps Adventures! Wir freuen uns auf Sie und melden uns in K\u00fcrze pers\u00f6nlich bei Ihnen zur\u00fcck.\" \/>\n<meta name=\"robots\" content=\"index, follow, max-snippet:-1, max-image-preview:large, max-video-preview:-1\" \/>\n<link rel=\"canonical\" href=\"https:\/\/black-sheeps.eu\/de\/buchung\/dankeschoen\/\" \/>\n<meta property=\"og:locale\" content=\"de_DE\" \/>\n<meta property=\"og:type\" content=\"article\" \/>\n<meta property=\"og:title\" content=\"Danke f\u00fcr dein Interesse! | Black Sheeps Adventures\" \/>\n<meta property=\"og:description\" content=\"Vielen Dank f\u00fcr Ihre Anfrage bei Black Sheeps Adventures! Wir freuen uns auf Sie und melden uns in K\u00fcrze pers\u00f6nlich bei Ihnen zur\u00fcck.\" \/>\n<meta property=\"og:url\" content=\"https:\/\/black-sheeps.eu\/de\/buchung\/dankeschoen\/\" \/>\n<meta property=\"og:site_name\" content=\"Black Sheep Adventures\" \/>\n<meta property=\"article:publisher\" content=\"https:\/\/www.facebook.com\/BlackSheepsAdventuresBlack\/\" \/>\n<meta property=\"article:modified_time\" content=\"2025-07-07T10:38:08+00:00\" \/>\n<meta property=\"og:image\" content=\"https:\/\/black-sheeps.eu\/wp-content\/uploads\/2024\/03\/david-aja.jpg\" \/>\n\t<meta property=\"og:image:width\" content=\"1545\" \/>\n\t<meta property=\"og:image:height\" content=\"1014\" \/>\n\t<meta property=\"og:image:type\" content=\"image\/jpeg\" \/>\n<meta name=\"twitter:card\" content=\"summary_large_image\" \/>\n<meta name=\"twitter:label1\" content=\"Gesch\u00e4tzte Lesezeit\" \/>\n\t<meta name=\"twitter:data1\" content=\"1\u00a0Minute\" \/>\n<script type=\"application\/ld+json\" class=\"yoast-schema-graph\">{\"@context\":\"https:\\\/\\\/schema.org\",\"@graph\":[{\"@type\":\"WebPage\",\"@id\":\"https:\\\/\\\/black-sheeps.eu\\\/de\\\/buchung\\\/dankeschoen\\\/\",\"url\":\"https:\\\/\\\/black-sheeps.eu\\\/de\\\/buchung\\\/dankeschoen\\\/\",\"name\":\"Danke f\u00fcr dein Interesse! | Black Sheeps Adventures\",\"isPartOf\":{\"@id\":\"https:\\\/\\\/black-sheeps.eu\\\/cs\\\/#website\"},\"primaryImageOfPage\":{\"@id\":\"https:\\\/\\\/black-sheeps.eu\\\/de\\\/buchung\\\/dankeschoen\\\/#primaryimage\"},\"image\":{\"@id\":\"https:\\\/\\\/black-sheeps.eu\\\/de\\\/buchung\\\/dankeschoen\\\/#primaryimage\"},\"thumbnailUrl\":\"https:\\\/\\\/black-sheeps.eu\\\/wp-content\\\/uploads\\\/2024\\\/03\\\/david-aja-768x504.jpg\",\"datePublished\":\"2024-03-14T08:50:42+00:00\",\"dateModified\":\"2025-07-07T10:38:08+00:00\",\"description\":\"Vielen Dank f\u00fcr Ihre Anfrage bei Black Sheeps Adventures! Wir freuen uns auf Sie und melden uns in K\u00fcrze pers\u00f6nlich bei Ihnen zur\u00fcck.\",\"breadcrumb\":{\"@id\":\"https:\\\/\\\/black-sheeps.eu\\\/de\\\/buchung\\\/dankeschoen\\\/#breadcrumb\"},\"inLanguage\":\"de\",\"potentialAction\":[{\"@type\":\"ReadAction\",\"target\":[\"https:\\\/\\\/black-sheeps.eu\\\/de\\\/buchung\\\/dankeschoen\\\/\"]}]},{\"@type\":\"ImageObject\",\"inLanguage\":\"de\",\"@id\":\"https:\\\/\\\/black-sheeps.eu\\\/de\\\/buchung\\\/dankeschoen\\\/#primaryimage\",\"url\":\"https:\\\/\\\/black-sheeps.eu\\\/wp-content\\\/uploads\\\/2024\\\/03\\\/david-aja-768x504.jpg\",\"contentUrl\":\"https:\\\/\\\/black-sheeps.eu\\\/wp-content\\\/uploads\\\/2024\\\/03\\\/david-aja-768x504.jpg\"},{\"@type\":\"BreadcrumbList\",\"@id\":\"https:\\\/\\\/black-sheeps.eu\\\/de\\\/buchung\\\/dankeschoen\\\/#breadcrumb\",\"itemListElement\":[{\"@type\":\"ListItem\",\"position\":1,\"name\":\"Home\",\"item\":\"https:\\\/\\\/black-sheeps.eu\\\/de\\\/\"},{\"@type\":\"ListItem\",\"position\":2,\"name\":\"Formular zur Aktivit\u00e4ten &#8211; Buchung\",\"item\":\"https:\\\/\\\/black-sheeps.eu\\\/de\\\/buchung\\\/\"},{\"@type\":\"ListItem\",\"position\":3,\"name\":\"Danke f\u00fcr Ihr Interesse!\"}]},{\"@type\":\"WebSite\",\"@id\":\"https:\\\/\\\/black-sheeps.eu\\\/cs\\\/#website\",\"url\":\"https:\\\/\\\/black-sheeps.eu\\\/cs\\\/\",\"name\":\"Black Sheep Adventures\",\"description\":\"Adrenal\u00ednov\u00e9 z\u00e1\u017eitky, teambuildingov\u00e9 z\u00e1jazdy, v\u00edkendov\u00e9 pobyty - kayaking, rafting, paragliding, kanyoning, jachting\",\"publisher\":{\"@id\":\"https:\\\/\\\/black-sheeps.eu\\\/cs\\\/#organization\"},\"potentialAction\":[{\"@type\":\"SearchAction\",\"target\":{\"@type\":\"EntryPoint\",\"urlTemplate\":\"https:\\\/\\\/black-sheeps.eu\\\/cs\\\/?s={search_term_string}\"},\"query-input\":{\"@type\":\"PropertyValueSpecification\",\"valueRequired\":true,\"valueName\":\"search_term_string\"}}],\"inLanguage\":\"de\"},{\"@type\":\"Organization\",\"@id\":\"https:\\\/\\\/black-sheeps.eu\\\/cs\\\/#organization\",\"name\":\"Black Sheep Adventures\",\"url\":\"https:\\\/\\\/black-sheeps.eu\\\/cs\\\/\",\"logo\":{\"@type\":\"ImageObject\",\"inLanguage\":\"de\",\"@id\":\"https:\\\/\\\/black-sheeps.eu\\\/cs\\\/#\\\/schema\\\/logo\\\/image\\\/\",\"url\":\"\",\"contentUrl\":\"\",\"caption\":\"Black Sheep Adventures\"},\"image\":{\"@id\":\"https:\\\/\\\/black-sheeps.eu\\\/cs\\\/#\\\/schema\\\/logo\\\/image\\\/\"},\"sameAs\":[\"https:\\\/\\\/www.facebook.com\\\/BlackSheepsAdventuresBlack\\\/\"]}]}<\/script>\n<!-- \/ Yoast SEO plugin. -->","yoast_head_json":{"title":"Danke f\u00fcr dein Interesse! | Black Sheeps Adventures","description":"Vielen Dank f\u00fcr Ihre Anfrage bei Black Sheeps Adventures! Wir freuen uns auf Sie und melden uns in K\u00fcrze pers\u00f6nlich bei Ihnen zur\u00fcck.","robots":{"index":"index","follow":"follow","max-snippet":"max-snippet:-1","max-image-preview":"max-image-preview:large","max-video-preview":"max-video-preview:-1"},"canonical":"https:\/\/black-sheeps.eu\/de\/buchung\/dankeschoen\/","og_locale":"de_DE","og_type":"article","og_title":"Danke f\u00fcr dein Interesse! | Black Sheeps Adventures","og_description":"Vielen Dank f\u00fcr Ihre Anfrage bei Black Sheeps Adventures! Wir freuen uns auf Sie und melden uns in K\u00fcrze pers\u00f6nlich bei Ihnen zur\u00fcck.","og_url":"https:\/\/black-sheeps.eu\/de\/buchung\/dankeschoen\/","og_site_name":"Black Sheep Adventures","article_publisher":"https:\/\/www.facebook.com\/BlackSheepsAdventuresBlack\/","article_modified_time":"2025-07-07T10:38:08+00:00","og_image":[{"width":1545,"height":1014,"url":"https:\/\/black-sheeps.eu\/wp-content\/uploads\/2024\/03\/david-aja.jpg","type":"image\/jpeg"}],"twitter_card":"summary_large_image","twitter_misc":{"Gesch\u00e4tzte Lesezeit":"1\u00a0Minute"},"schema":{"@context":"https:\/\/schema.org","@graph":[{"@type":"WebPage","@id":"https:\/\/black-sheeps.eu\/de\/buchung\/dankeschoen\/","url":"https:\/\/black-sheeps.eu\/de\/buchung\/dankeschoen\/","name":"Danke f\u00fcr dein Interesse! | Black Sheeps Adventures","isPartOf":{"@id":"https:\/\/black-sheeps.eu\/cs\/#website"},"primaryImageOfPage":{"@id":"https:\/\/black-sheeps.eu\/de\/buchung\/dankeschoen\/#primaryimage"},"image":{"@id":"https:\/\/black-sheeps.eu\/de\/buchung\/dankeschoen\/#primaryimage"},"thumbnailUrl":"https:\/\/black-sheeps.eu\/wp-content\/uploads\/2024\/03\/david-aja-768x504.jpg","datePublished":"2024-03-14T08:50:42+00:00","dateModified":"2025-07-07T10:38:08+00:00","description":"Vielen Dank f\u00fcr Ihre Anfrage bei Black Sheeps Adventures! Wir freuen uns auf Sie und melden uns in K\u00fcrze pers\u00f6nlich bei Ihnen zur\u00fcck.","breadcrumb":{"@id":"https:\/\/black-sheeps.eu\/de\/buchung\/dankeschoen\/#breadcrumb"},"inLanguage":"de","potentialAction":[{"@type":"ReadAction","target":["https:\/\/black-sheeps.eu\/de\/buchung\/dankeschoen\/"]}]},{"@type":"ImageObject","inLanguage":"de","@id":"https:\/\/black-sheeps.eu\/de\/buchung\/dankeschoen\/#primaryimage","url":"https:\/\/black-sheeps.eu\/wp-content\/uploads\/2024\/03\/david-aja-768x504.jpg","contentUrl":"https:\/\/black-sheeps.eu\/wp-content\/uploads\/2024\/03\/david-aja-768x504.jpg"},{"@type":"BreadcrumbList","@id":"https:\/\/black-sheeps.eu\/de\/buchung\/dankeschoen\/#breadcrumb","itemListElement":[{"@type":"ListItem","position":1,"name":"Home","item":"https:\/\/black-sheeps.eu\/de\/"},{"@type":"ListItem","position":2,"name":"Formular zur Aktivit\u00e4ten &#8211; Buchung","item":"https:\/\/black-sheeps.eu\/de\/buchung\/"},{"@type":"ListItem","position":3,"name":"Danke f\u00fcr Ihr Interesse!"}]},{"@type":"WebSite","@id":"https:\/\/black-sheeps.eu\/cs\/#website","url":"https:\/\/black-sheeps.eu\/cs\/","name":"Black Sheep Adventures","description":"Adrenal\u00ednov\u00e9 z\u00e1\u017eitky, teambuildingov\u00e9 z\u00e1jazdy, v\u00edkendov\u00e9 pobyty - kayaking, rafting, paragliding, kanyoning, jachting","publisher":{"@id":"https:\/\/black-sheeps.eu\/cs\/#organization"},"potentialAction":[{"@type":"SearchAction","target":{"@type":"EntryPoint","urlTemplate":"https:\/\/black-sheeps.eu\/cs\/?s={search_term_string}"},"query-input":{"@type":"PropertyValueSpecification","valueRequired":true,"valueName":"search_term_string"}}],"inLanguage":"de"},{"@type":"Organization","@id":"https:\/\/black-sheeps.eu\/cs\/#organization","name":"Black Sheep Adventures","url":"https:\/\/black-sheeps.eu\/cs\/","logo":{"@type":"ImageObject","inLanguage":"de","@id":"https:\/\/black-sheeps.eu\/cs\/#\/schema\/logo\/image\/","url":"","contentUrl":"","caption":"Black Sheep Adventures"},"image":{"@id":"https:\/\/black-sheeps.eu\/cs\/#\/schema\/logo\/image\/"},"sameAs":["https:\/\/www.facebook.com\/BlackSheepsAdventuresBlack\/"]}]}},"taxonomy_info":[],"featured_image_src_large":false,"author_info":{"display_name":"Black Sheeps","author_link":"https:\/\/black-sheeps.eu\/de\/author\/adminator\/"},"comment_info":0,"_links":{"self":[{"href":"https:\/\/black-sheeps.eu\/de\/wp-json\/wp\/v2\/pages\/11349","targetHints":{"allow":["GET"]}}],"collection":[{"href":"https:\/\/black-sheeps.eu\/de\/wp-json\/wp\/v2\/pages"}],"about":[{"href":"https:\/\/black-sheeps.eu\/de\/wp-json\/wp\/v2\/types\/page"}],"author":[{"embeddable":true,"href":"https:\/\/black-sheeps.eu\/de\/wp-json\/wp\/v2\/users\/1"}],"replies":[{"embeddable":true,"href":"https:\/\/black-sheeps.eu\/de\/wp-json\/wp\/v2\/comments?post=11349"}],"version-history":[{"count":3,"href":"https:\/\/black-sheeps.eu\/de\/wp-json\/wp\/v2\/pages\/11349\/revisions"}],"predecessor-version":[{"id":11800,"href":"https:\/\/black-sheeps.eu\/de\/wp-json\/wp\/v2\/pages\/11349\/revisions\/11800"}],"up":[{"embeddable":true,"href":"https:\/\/black-sheeps.eu\/de\/wp-json\/wp\/v2\/pages\/8755"}],"wp:attachment":[{"href":"https:\/\/black-sheeps.eu\/de\/wp-json\/wp\/v2\/media?parent=11349"}],"curies":[{"name":"wp","href":"https:\/\/api.w.org\/{rel}","templated":true}]}}