
{"id":10583,"date":"2024-02-29T16:05:07","date_gmt":"2024-02-29T16:05:07","guid":{"rendered":"https:\/\/black-sheeps.eu\/?page_id=10583"},"modified":"2025-06-28T10:59:17","modified_gmt":"2025-06-28T10:59:17","slug":"allgemeine-geschaeftsbedingungen-verleih","status":"publish","type":"page","link":"https:\/\/black-sheeps.eu\/de\/allgemeine-geschaeftsbedingungen-verleih\/","title":{"rendered":"Allgemeine Gesch\u00e4ftsbedingungen \u2013 Verleih"},"content":{"rendered":"\n<p><strong>BLACK SHEEPS Adventures KG<\/strong><\/p>\n\n\n\n<p>Die Allgemeinen Gesch\u00e4ftsbedingungen der Black Sheeps Adventures KG, im Nachfolgenden nur Black Sheeps genannt:<\/p>\n\n\n\n<h3 class=\"wp-block-heading\">1. Anmeldung \/ Anzahlung<\/h3>\n\n\n\n<p>Die Anmeldung kann schriftlich, telefonisch oder pers\u00f6nlich erfolgen. Nach telefonischer, schriftlicher oder pers\u00f6nlicher Best\u00e4tigung durch die Black Sheeps ist die Anmeldung verbindlich, der Beherbergungs oder Aktivit\u00e4tenvertrag hat G\u00fcltigkeit. Wenn nicht anders vereinbart, wird unmittelbar nach erfolgter Anmeldung eine 50%-Anzahlung auf das Konto des Black Sheeps bei der Tatrabanka SK, (Swift-Code f\u00fcr EU\u00dcberweisungen: SK7711000000002944054654\/ BIC TATRSKBX) zur Zahlung f\u00e4llig.<\/p>\n\n\n\n<h3 class=\"wp-block-heading\">2. Stornoregelungen<\/h3>\n\n\n\n<p>Bei uns gelten die Allgemeinen Gesch\u00e4ftsbedingungen f\u00fcr die Hotellerie (AGBH 2006) welche folgende Stornoregelung vorsieht: Bis sp\u00e4testens 3 Monate vor dem vereinbarten Ankunftstag des Gastes kann der Beherbergungsvertrag bzw. der Vertrag \u00fcber die gebuchte Leistung ohne Entrichtung einer Stornogeb\u00fchr durch einseitige Erkl\u00e4rung durch den Vertragspartner aufgel\u00f6st werden. Au\u00dferhalb des oben festgelegten Zeitraums ist ein R\u00fccktritt durch einseitige Erkl\u00e4rung des Vertragspartners nur unter<br>Entrichtung folgender Stornogeb\u00fchren m\u00f6glich:<br>\u2013 bis 1 Monat vor dem Ankunftstag 40 % vom gesamten Arrangementpreis;<br>\u2013 bis 1 Woche vor dem Ankunftstag 70 % vom gesamten Arrangementpreis;<br>\u2013 in der letzten Woche vor dem Ankunftstag 90 % vom gesamten Arrangementpreis;<br>\u2013 bei Nichterscheinen zur Tour oder ins Zimmer 100%.<\/p>\n\n\n\n<h3 class=\"wp-block-heading\">3. Leistungen<\/h3>\n\n\n\n<p>Die genauen Leistungen sind dem Programm und der Detailinformation zu entnehmen. Es k\u00f6nnen auch Einzelpersonen buchen. Eine Terminkoordination mit weiteren<br>Einzel- oder Gruppenbuchungen ist m\u00f6glich. Einen fixen Termin ab 4 Personen m\u00f6glich.<\/p>\n\n\n\n<h3 class=\"wp-block-heading\">4. Teilnahmebedingungen<\/h3>\n\n\n\n<p>Jeder Teilnehmer sichert zu (Unterschrift in der Teilnehmerliste), die f\u00fcr die ausgew\u00e4hlte Tour notwendigen psychischen und physischen Voraussetzungen, die in den<br>Gesch\u00e4ftsbedingungen angef\u00fchrt werden, mitzubringen.<\/p>\n\n\n\n<h3 class=\"wp-block-heading\">5. Alkohol\/Medikamente\/Drogen<\/h3>\n\n\n\n<p>Durch Medikamente, Alkohol oder Drogen beeintr\u00e4chtigte Personen sind von der Tour ausgeschlossen. Ein derart beeintr\u00e4chtigtes Erscheinen wird als Nichterscheinen storniert (100%). Jeder Teilnehmer ist verpflichtet, den Guide vor der Aktivit\u00e4t vor m\u00f6glichen Gesundheitsproblemen (Asthma, Allergien usw.) zu informieren und die Verf\u00fcgbarkeit der erforderlichen Medikamente w\u00e4hrend der Aktivit\u00e4ten zu sichern.<\/p>\n\n\n\n<h3 class=\"wp-block-heading\">6. Haftungsbeschr\u00e4nkung<\/h3>\n\n\n\n<p>Jeder Teilnehmer an Touren des Black Sheeps ist sich dar\u00fcber im Klaren, dass er\/sie sich an einer Abenteueraktivit\u00e4t beteiligt, die nicht den Komfort und die Sicherheit einer \u00fcblichen Pauschalreise bieten kann. Touren vom Black Sheeps werden von ausgebildeten Tourenleitern gef\u00fchrt. Die Ausr\u00fcstung entspricht den neuesten Sicherheitsnormen. S\u00e4mtliche Touren sind genau geplant, vorbereitet und erprobt. Vor jeder Tour wird eine Einf\u00fchrung vom Tourenleiter erteilt. Die Risiken sind vielf\u00e4ltig und nicht g\u00e4nzlich auszuschlie\u00dfen. Die Haftung der Black Sheeps und dem Guide f\u00fcr s\u00e4mtliche im Zusammenhang mit der Teilnahme an einer Veranstaltung resultierenden Sachsch\u00e4den wird auf grobe Fahrl\u00e4ssigkeit und Vorsatz eingeschr\u00e4nkt. Die Haftung f\u00fcr Personensch\u00e4den resultierend aus nicht beherrschbaren (Natur-)Gefahren bzw. aus Handlungen Dritter (z.B. anderer Teilnehmer) wird auf grobe Fahrl\u00e4ssigkeit und Vorsatz eingeschr\u00e4nkt. Es besteht keinerlei Haftung f\u00fcr Eigenmacht eines Teilnehmers bzw. Sch\u00e4den, die aus<br>Aktivit\u00e4ten erfolgt sind, die \u00fcber das gebuchte Programm hinausgehen.<\/p>\n\n\n\n<h3 class=\"wp-block-heading\">7. Sorgfaltspflicht<\/h3>\n\n\n\n<p>Der Teilnehmer hat s\u00e4mtliche Sicherheitsanweisungen des Tourenleiters zu befolgen und an der Tour aktiv mitzuwirken. Die Teilnehmer einer Tour sind sich zur gegenseitigen Unterst\u00fctzung verpflichtet.<\/p>\n\n\n\n<h3 class=\"wp-block-heading\">8. Voraussetzungen<\/h3>\n\n\n\n<p>Der Tourenleiter ist berechtigt, Teilnehmer, die gegen diese Gesch\u00e4ftsbedingungen versto\u00dfen, insbesondere die f\u00fcr die Tour notwendigen Voraussetzungen nicht aufbringen, von der Tour auszuschlie\u00dfen bzw. die Tour abzubrechen. Dem Tourenleiter bleibt es vorbehalten, das Tourenprogramm wegen unvorhergesehener Umst\u00e4nde, die die Sicherheit der G\u00e4ste gef\u00e4hrden k\u00f6nnen (zum Beispiel zu hoher Wasserstand, Wetterumsturz, unzureichende F\u00e4higkeiten der Teilnehmer), abzu\u00e4ndern, zu erweitern oder einzuschr\u00e4nken. Dem Teilnehmer steht diesfalls kein Ersatzanspruch gegen das Black Sheeps bzw den Tourenleiter zu.<\/p>\n\n\n\n<h3 class=\"wp-block-heading\">9. Sch\u00e4den<\/h3>\n\n\n\n<p>Verletzungen und Sch\u00e4den sind dem Tourenleiter unverz\u00fcglich zu melden.<\/p>\n\n\n\n<h3 class=\"wp-block-heading\">10. Zeitlicher Ablauf<\/h3>\n\n\n\n<p>Die zeitliche Dauer einer Tour l\u00e4sst sich nicht immer genau vorausbestimmen. Angef\u00fchrte Zeiten gelten nur als Richtwert. Eine Gew\u00e4hr f\u00fcr die Einhaltung dieser Richtzeiten wird nicht \u00fcbernommen.<\/p>\n\n\n\n<h3 class=\"wp-block-heading\">11. Transfers<\/h3>\n\n\n\n<p>Zum Teil erfolgt die An- und Abreise zu den Tourengebieten mit privaten Kraftfahrzeugen. Diese Transporte sind nicht Teil des Programms des Black Sheeps. Er wird keinerlei Haftung f\u00fcr daraus resultierende Unf\u00e4lle bzw. Sch\u00e4den \u00fcbernommen.<\/p>\n\n\n\n<h3 class=\"wp-block-heading\">12. Gerichtsstand<\/h3>\n\n\n\n<p>Es gilt \u00f6sterreichisches Recht (unter Ausschluss der Verweisungsnormen und des UN Kaufrechts). Erf\u00fcllungsort ist A-8924 Wildalpen. Es wird die ausschlie\u00dfliche \u00f6rtliche<br>Zust\u00e4ndigkeit des f\u00fcr Wildalpen sachlich zust\u00e4ndigen Gerichtes vereinbart.<\/p>\n\n\n\n<h3 class=\"wp-block-heading\">13. Druckfehler<\/h3>\n\n\n\n<p>Preis- oder Programm\u00e4nderungen und Druckfehlerkorrekturen werden vorbehalten.<\/p>\n\n\n\n<h3 class=\"wp-block-heading\">14. Geltungsbereich<\/h3>\n\n\n\n<p>Die Punkte 1.-13. gelten f\u00fcr s\u00e4mtliche Black Sheeps Touren. F\u00fcr die nachfolgend angef\u00fchrten Touren gelten die jeweiligen besonderen Bedingungen zus\u00e4tzlich.<\/p>\n\n\n\n<h3 class=\"wp-block-heading\">Besondere Bedingungen f\u00fcr BlackSheeps Raftingtouren:<\/h3>\n\n\n\n<ol class=\"wp-block-list\" start=\"15\">\n<li>Die Teilnahme\/Bef\u00f6rderung setzt ausreichende Schwimmkenntnisse im flie\u00dfenden Gew\u00e4sser voraus.<\/li>\n\n\n\n<li>Die Teilnahme\/Bef\u00f6rderung von Kindern unter 6 Jahren ist nicht gestattet. Auf der Salza werden Kinder zwischen 6 und 15 Jahren nur in Begleitung einer mindestens 19 Jahre alten, geeigneten Aufsichtsperson bef\u00f6rdert. Auf der Enns ist eine Bef\u00f6rderung erst ab dem vollendeten 14. Lebensjahr ab der Einstiegsstelle Eisenbahnbr\u00fccke nach dem Ges\u00e4useeingang erlaubt.<\/li>\n\n\n\n<li>W\u00e4hrend der Fahrt hat der Teilnehmer daf\u00fcr Sorge zu tragen, dass der Kinnriemen des Helmes und die Schwimmwestenverschl\u00fcsse geschlossen sind. Jeder Teilnehmer<br>hat darauf zu achten, dass er die f\u00fcr die Tour notwendige Ausr\u00fcstung mitf\u00fchrt. Der Tourenleiter hat das Recht, den Teilnehmer bei unvollst\u00e4ndiger Ausr\u00fcstung \u2013 wenn dieser Umstand auf eine Nachl\u00e4ssigkeit des Teilnehmers zur\u00fcckzuf\u00fchren ist \u2013 von der Tour auszuschlie\u00dfen.<\/li>\n\n\n\n<li>Das Rauchen und L\u00e4rmen w\u00e4hrend der Fahrt ist verboten. Genauso wie den M\u00fcll auserhalb dem daf\u00fcr vorgesehenen Beh\u00e4lter zu werfen.<\/li>\n\n\n\n<li>F\u00fcr mutwillige Besch\u00e4digungen von Booten und Ausr\u00fcstung haftet der Teilnehmer.<\/li>\n\n\n\n<li>Der Teilnehmer ist verpflichtet bei der Bef\u00f6rderung des Bootes vom und zum Transportfahrzeug mitzuwirken.<\/li>\n\n\n\n<li>Es obliegt der Eigenverantwortung des Teilnehmers, beim Ein- und Aussteigen in das\/aus dem Boot besondere Vorsicht anzuwenden, weil mit Untiefen, rutschigen Steinen, unterschiedlichen Str\u00f6mungsverh\u00e4ltnissen und einer 2 \/ 2 Fortbewegung des Bootes zu rechnen ist, wodurch erh\u00f6hte Verletzungsgefahr besteht.<\/li>\n\n\n\n<li>Die Benutzung der Sprungstelle im Bereich Wasserlochklamm sowie das Wildwasserschwimmen sind nicht Teil des Programms und erfolgt auf eigene Gefahr, sowie auch die Benutzung der Sprungstelle Palfauer Schlucht.<\/li>\n<\/ol>\n\n\n\n<h3 class=\"wp-block-heading\">Bedingungen f\u00fcr Kajak-, Riverbug und Canadiertouren vom Black Sheeps:<\/h3>\n\n\n\n<ol class=\"wp-block-list\" start=\"22\">\n<li>Neben den Punkten 1-20 gelten f\u00fcr diese Touren folgende Punkte zus\u00e4tzlich als vereinbart.<\/li>\n\n\n\n<li>Jeder Teilnehmer hat darauf zu achten, dass die gesamte Gruppe immer Blickkontakt zueinander hat. Gegebenenfalls ist an geeigneter Stelle anzuhalten um den Blickkontakt wieder herzustellen.<\/li>\n\n\n\n<li>Uferbereiche mit ins Wasser h\u00e4ngenden B\u00e4umen und Str\u00e4uchern sind zu meiden.<\/li>\n\n\n\n<li>Es wird ausdr\u00fccklich darauf hingewiesen, dass bei diesen Touren kein Bootsf\u00fchrer des Black Sheeps im Boot mitf\u00e4hrt. Es erfolgt die Einschulung und die Begleitung der Gruppe mit einem eigenen Boot am Fluss durch den Bootsf\u00fchrer des Black Sheeps. Die Teilnehmer m\u00fcssen ihr Boot eigenverantwortlich steuern und eventuellen Gefahrenstellen ausweichen. Das Black Sheeps \u00fcbernimmt keine Haftung f\u00fcr Sch\u00e4den, Anspr\u00fcche und Verletzungen, die bei solchen Touren entstehen, sondern erteilt lediglich Ein- bzw. Anweisungen und vermietet das Equipment.<\/li>\n<\/ol>\n\n\n\n<h3 class=\"wp-block-heading\">Besondere Bedingungen f\u00fcr Canyoningtouren vom Black Sheeps:<\/h3>\n\n\n\n<ol class=\"wp-block-list\" start=\"26\">\n<li>Die Begehung eines Canyon erfolgt gr\u00f6\u00dftenteils im weglosen Gel\u00e4nde, wo auch mit besonders rutschigen Passagen zu rechnen ist. Es muss daher mit dem jederzeitigen Ausrutschen gerechnet werden. Daher hat sich jeder Teilnehmer besonders umsichtig und vorsichtig zu bewegen. Der Tourenleiter zeigt, wie man sich bewegen muss.<\/li>\n\n\n\n<li>Alle absturzgef\u00e4hrdeten Bereiche d\u00fcrfen nur gesichert und unter Aufsicht des Canyoningf\u00fchrers begangen werden. In einem Canyon ist mit Steinschlaggefahr zu rechnen.<\/li>\n\n\n\n<li>Jeder Teilnehmer hat darauf zu achten, dass der Blickkontakt zu den \u00fcbrigen Teilnehmern und dem Canyoningf\u00fchrer nicht abrei\u00dft.<\/li>\n\n\n\n<li>Bei einer Canyoningtour wird eine besondere Ausr\u00fcstung verwendet. Jeder Teilnehmer erh\u00e4lt vor und laufend w\u00e4hrend der Tour eine genaue Einschulung im Umgang mit dieser Ausr\u00fcstung. Diese Ausr\u00fcstung ist besonders umsichtig und vorsichtig zu handhaben.<\/li>\n\n\n\n<li>Nur nach ausdr\u00fccklicher Erlaubnis des Canyoningf\u00fchrers darf gesprungen werden, wobei den Anweisungen genau Folge zu leisten ist. In den Wasserbecken ist zudem mit unterschiedlichen Wassertiefen zu rechnen, weshalb nur in den vom Canyoningf\u00fchrer bezeichneten Teil gesprungen werden darf. Sollte dies aus der Einsch\u00e4tzung des Teilnehmers nicht m\u00f6glich sein, so ist dies dem Canyoningf\u00fchrer mitzuteilen, wobei dieser dazu verpflichtet ist, alternative M\u00f6glichkeiten f\u00fcr die sichere<br>\u00dcberwindung der H\u00f6hendifferenz zu finden. Jeder Teilnehmer hat selbst darauf zu achten, dass er eine sichere, rutschfreie Absprungstelle w\u00e4hlt und die H\u00e4nde beim Sprung eng an den K\u00f6rper presst und nur mit den (leicht gebeugten) Beinen voran springt. Es ist grunds\u00e4tzlich damit zu rechnen, dass mit den Beinen der Grund ber\u00fchrt wird, weshalb der Sprung mit den Beinen abgefangen werden muss. Rutschen im Flussbett hat in zur\u00fcckgelehnter K\u00f6rperhaltung, mit vorgeneigtem Kopf (Kinn auf dem Brust), verschr\u00e4nkten H\u00e4nden und leicht gebeugten Beinen zu erfolgen. Von jedem Teilnehmer sind kn\u00f6chelhohe Schuhe mit rutschfester Sohle, die zum Gehen im weglosen Gel\u00e4nde geeignet sind, selbst mitzubringen. Black Sheeps \u00fcbernimmt keine Verantwortung f\u00fcr Sch\u00e4den an der Ausr\u00fcstung des Teilnehmers.<\/li>\n\n\n\n<li>Jeder Teilnehmer hat darauf zu achten, dass der Gurt, der Helm und der Karabiner immer sicher geschlossen sind. Unregelm\u00e4\u00dfigkeiten sind sofort dem Canyoningf\u00fchrer<br>mitzuteilen. Jeder Teilnehmer hat auf andere Teilnehmer R\u00fccksicht zu nehmen und auf Auffordnung des Canyoningf\u00fchrers, diesem vertretbare Hilfestellung zu geben.<\/li>\n<\/ol>\n\n\n\n<h3 class=\"wp-block-heading\">Besondere Bedingungen f\u00fcr Verleihausr\u00fcstung vom Black Sheeps:<\/h3>\n\n\n\n<ol class=\"wp-block-list\" start=\"32\">\n<li>Unternehmungen mit Verleihausr\u00fcstung vom Black Sheeps erfolgen ohne Tourenleiter. Die Unternehmungen erfolgen daher auf eigene Gefahr. F\u00fcr Sch\u00e4den wird keine Haftung \u00fcbernommen.<\/li>\n\n\n\n<li>Der Mieter hat die Leihausr\u00fcstung anl\u00e4sslich der \u00dcbernahme sorgf\u00e4ltig auf Sch\u00e4den zu pr\u00fcfen und allf\u00e4llige Besch\u00e4digungen noch vor Benutzung mitzuteilen. Vom Entleiher verursachte Sch\u00e4den an der Leihausr\u00fcstung des Black Sheeps sind zu melden und zu ersetzen.<\/li>\n\n\n\n<li>Der Mieter ist daf\u00fcr verantwortlich, ausreichende F\u00e4higkeiten \/ Erfahrungen zu besitzen, um den geplanten Abschnitt zu befahren, ist mit dem Fluss vertraut und kennt alle Risiken.<\/li>\n<\/ol>\n\n\n\n<h3 class=\"wp-block-heading\">Fotos &amp; Videos<\/h3>\n\n\n\n<p><br>Fallweise werden durch die Black Sheeps Fotos und Videos angefertigt die zu Werbezwecken verwendet und ver\u00f6ffentlicht werden. Durch die Buchung unserer Programme willigen Sie ein, dass wir Fotos und Videos im Rahmen unserer Programme von Ihnen und Ihren Gruppenmitgliedern anfertigen d\u00fcrfen und diese auch zu Werbezwecken ver\u00f6ffentlichen d\u00fcrfen.<\/p>\n\n\n\n<p><em><strong>Black Sheeps Adventures KG<\/strong><\/em><\/p>\n","protected":false},"excerpt":{"rendered":"<p>BLACK SHEEPS Adventures KG Die Allgemeinen Gesch\u00e4ftsbedingungen der Black Sheeps Adventures KG, im Nachfolgenden nur Black Sheeps genannt: 1. Anmeldung \/ Anzahlung Die Anmeldung kann schriftlich, telefonisch oder pers\u00f6nlich erfolgen. Nach telefonischer, schriftlicher oder pers\u00f6nlicher Best\u00e4tigung durch die Black Sheeps ist die Anmeldung verbindlich, der Beherbergungs oder Aktivit\u00e4tenvertrag hat G\u00fcltigkeit. Wenn nicht anders vereinbart, wird&#8230;<\/p>\n","protected":false},"author":2,"featured_media":0,"parent":0,"menu_order":0,"comment_status":"closed","ping_status":"closed","template":"","meta":{"_kad_blocks_custom_css":"","_kad_blocks_head_custom_js":"","_kad_blocks_body_custom_js":"","_kad_blocks_footer_custom_js":"","_kad_post_transparent":"","_kad_post_title":"","_kad_post_layout":"","_kad_post_sidebar_id":"","_kad_post_content_style":"","_kad_post_vertical_padding":"","_kad_post_feature":"","_kad_post_feature_position":"","_kad_post_header":false,"_kad_post_footer":false,"_kad_post_classname":"","footnotes":""},"class_list":["post-10583","page","type-page","status-publish","hentry"],"yoast_head":"<!-- This site is optimized with the Yoast SEO plugin v27.4 - https:\/\/yoast.com\/product\/yoast-seo-wordpress\/ -->\n<title>Allgemeine Gesch\u00e4ftsbedingungen | Verleih<\/title>\n<meta name=\"description\" content=\"AGB Verleih bei Black Sheeps Adventures: Bedingungen, Haftung, Storno, Ausr\u00fcstung, Sicherheit &amp; rechtliche Hinweise f\u00fcr Outdoor-Aktivit\u00e4ten.\" \/>\n<meta name=\"robots\" content=\"index, follow, max-snippet:-1, max-image-preview:large, max-video-preview:-1\" \/>\n<link rel=\"canonical\" href=\"https:\/\/black-sheeps.eu\/de\/allgemeine-geschaeftsbedingungen-verleih\/\" \/>\n<meta property=\"og:locale\" content=\"de_DE\" \/>\n<meta property=\"og:type\" content=\"article\" \/>\n<meta property=\"og:title\" content=\"Allgemeine Gesch\u00e4ftsbedingungen | Verleih\" \/>\n<meta property=\"og:description\" content=\"AGB Verleih bei Black Sheeps Adventures: Bedingungen, Haftung, Storno, Ausr\u00fcstung, Sicherheit &amp; rechtliche Hinweise f\u00fcr Outdoor-Aktivit\u00e4ten.\" \/>\n<meta property=\"og:url\" content=\"https:\/\/black-sheeps.eu\/de\/allgemeine-geschaeftsbedingungen-verleih\/\" \/>\n<meta property=\"og:site_name\" content=\"Black Sheep Adventures\" \/>\n<meta property=\"article:publisher\" content=\"https:\/\/www.facebook.com\/BlackSheepsAdventuresBlack\/\" \/>\n<meta property=\"article:modified_time\" content=\"2025-06-28T10:59:17+00:00\" \/>\n<meta property=\"og:image\" content=\"https:\/\/black-sheeps.eu\/wp-content\/uploads\/2024\/01\/Wildwasser_c-Stefan-Leitner_Gesaeuse_7.jpg\" \/>\n\t<meta property=\"og:image:width\" content=\"1920\" \/>\n\t<meta property=\"og:image:height\" content=\"1440\" \/>\n\t<meta property=\"og:image:type\" content=\"image\/jpeg\" \/>\n<meta name=\"twitter:card\" content=\"summary_large_image\" \/>\n<meta name=\"twitter:label1\" content=\"Gesch\u00e4tzte Lesezeit\" \/>\n\t<meta name=\"twitter:data1\" content=\"7\u00a0Minuten\" \/>\n<script type=\"application\/ld+json\" class=\"yoast-schema-graph\">{\"@context\":\"https:\\\/\\\/schema.org\",\"@graph\":[{\"@type\":\"WebPage\",\"@id\":\"https:\\\/\\\/black-sheeps.eu\\\/de\\\/allgemeine-geschaeftsbedingungen-verleih\\\/\",\"url\":\"https:\\\/\\\/black-sheeps.eu\\\/de\\\/allgemeine-geschaeftsbedingungen-verleih\\\/\",\"name\":\"Allgemeine Gesch\u00e4ftsbedingungen | Verleih\",\"isPartOf\":{\"@id\":\"https:\\\/\\\/black-sheeps.eu\\\/cs\\\/#website\"},\"datePublished\":\"2024-02-29T16:05:07+00:00\",\"dateModified\":\"2025-06-28T10:59:17+00:00\",\"description\":\"AGB Verleih bei Black Sheeps Adventures: Bedingungen, Haftung, Storno, Ausr\u00fcstung, Sicherheit & rechtliche Hinweise f\u00fcr Outdoor-Aktivit\u00e4ten.\",\"breadcrumb\":{\"@id\":\"https:\\\/\\\/black-sheeps.eu\\\/de\\\/allgemeine-geschaeftsbedingungen-verleih\\\/#breadcrumb\"},\"inLanguage\":\"de\",\"potentialAction\":[{\"@type\":\"ReadAction\",\"target\":[\"https:\\\/\\\/black-sheeps.eu\\\/de\\\/allgemeine-geschaeftsbedingungen-verleih\\\/\"]}]},{\"@type\":\"BreadcrumbList\",\"@id\":\"https:\\\/\\\/black-sheeps.eu\\\/de\\\/allgemeine-geschaeftsbedingungen-verleih\\\/#breadcrumb\",\"itemListElement\":[{\"@type\":\"ListItem\",\"position\":1,\"name\":\"Home\",\"item\":\"https:\\\/\\\/black-sheeps.eu\\\/de\\\/\"},{\"@type\":\"ListItem\",\"position\":2,\"name\":\"Allgemeine Gesch\u00e4ftsbedingungen \u2013 Verleih\"}]},{\"@type\":\"WebSite\",\"@id\":\"https:\\\/\\\/black-sheeps.eu\\\/cs\\\/#website\",\"url\":\"https:\\\/\\\/black-sheeps.eu\\\/cs\\\/\",\"name\":\"Black Sheep Adventures\",\"description\":\"Adrenal\u00ednov\u00e9 z\u00e1\u017eitky, teambuildingov\u00e9 z\u00e1jazdy, v\u00edkendov\u00e9 pobyty - kayaking, rafting, paragliding, kanyoning, jachting\",\"publisher\":{\"@id\":\"https:\\\/\\\/black-sheeps.eu\\\/cs\\\/#organization\"},\"potentialAction\":[{\"@type\":\"SearchAction\",\"target\":{\"@type\":\"EntryPoint\",\"urlTemplate\":\"https:\\\/\\\/black-sheeps.eu\\\/cs\\\/?s={search_term_string}\"},\"query-input\":{\"@type\":\"PropertyValueSpecification\",\"valueRequired\":true,\"valueName\":\"search_term_string\"}}],\"inLanguage\":\"de\"},{\"@type\":\"Organization\",\"@id\":\"https:\\\/\\\/black-sheeps.eu\\\/cs\\\/#organization\",\"name\":\"Black Sheep Adventures\",\"url\":\"https:\\\/\\\/black-sheeps.eu\\\/cs\\\/\",\"logo\":{\"@type\":\"ImageObject\",\"inLanguage\":\"de\",\"@id\":\"https:\\\/\\\/black-sheeps.eu\\\/cs\\\/#\\\/schema\\\/logo\\\/image\\\/\",\"url\":\"\",\"contentUrl\":\"\",\"caption\":\"Black Sheep Adventures\"},\"image\":{\"@id\":\"https:\\\/\\\/black-sheeps.eu\\\/cs\\\/#\\\/schema\\\/logo\\\/image\\\/\"},\"sameAs\":[\"https:\\\/\\\/www.facebook.com\\\/BlackSheepsAdventuresBlack\\\/\"]}]}<\/script>\n<!-- \/ Yoast SEO plugin. -->","yoast_head_json":{"title":"Allgemeine Gesch\u00e4ftsbedingungen | Verleih","description":"AGB Verleih bei Black Sheeps Adventures: Bedingungen, Haftung, Storno, Ausr\u00fcstung, Sicherheit & rechtliche Hinweise f\u00fcr Outdoor-Aktivit\u00e4ten.","robots":{"index":"index","follow":"follow","max-snippet":"max-snippet:-1","max-image-preview":"max-image-preview:large","max-video-preview":"max-video-preview:-1"},"canonical":"https:\/\/black-sheeps.eu\/de\/allgemeine-geschaeftsbedingungen-verleih\/","og_locale":"de_DE","og_type":"article","og_title":"Allgemeine Gesch\u00e4ftsbedingungen | Verleih","og_description":"AGB Verleih bei Black Sheeps Adventures: Bedingungen, Haftung, Storno, Ausr\u00fcstung, Sicherheit & rechtliche Hinweise f\u00fcr Outdoor-Aktivit\u00e4ten.","og_url":"https:\/\/black-sheeps.eu\/de\/allgemeine-geschaeftsbedingungen-verleih\/","og_site_name":"Black Sheep Adventures","article_publisher":"https:\/\/www.facebook.com\/BlackSheepsAdventuresBlack\/","article_modified_time":"2025-06-28T10:59:17+00:00","og_image":[{"width":1920,"height":1440,"url":"https:\/\/black-sheeps.eu\/wp-content\/uploads\/2024\/01\/Wildwasser_c-Stefan-Leitner_Gesaeuse_7.jpg","type":"image\/jpeg"}],"twitter_card":"summary_large_image","twitter_misc":{"Gesch\u00e4tzte Lesezeit":"7\u00a0Minuten"},"schema":{"@context":"https:\/\/schema.org","@graph":[{"@type":"WebPage","@id":"https:\/\/black-sheeps.eu\/de\/allgemeine-geschaeftsbedingungen-verleih\/","url":"https:\/\/black-sheeps.eu\/de\/allgemeine-geschaeftsbedingungen-verleih\/","name":"Allgemeine Gesch\u00e4ftsbedingungen | Verleih","isPartOf":{"@id":"https:\/\/black-sheeps.eu\/cs\/#website"},"datePublished":"2024-02-29T16:05:07+00:00","dateModified":"2025-06-28T10:59:17+00:00","description":"AGB Verleih bei Black Sheeps Adventures: Bedingungen, Haftung, Storno, Ausr\u00fcstung, Sicherheit & rechtliche Hinweise f\u00fcr Outdoor-Aktivit\u00e4ten.","breadcrumb":{"@id":"https:\/\/black-sheeps.eu\/de\/allgemeine-geschaeftsbedingungen-verleih\/#breadcrumb"},"inLanguage":"de","potentialAction":[{"@type":"ReadAction","target":["https:\/\/black-sheeps.eu\/de\/allgemeine-geschaeftsbedingungen-verleih\/"]}]},{"@type":"BreadcrumbList","@id":"https:\/\/black-sheeps.eu\/de\/allgemeine-geschaeftsbedingungen-verleih\/#breadcrumb","itemListElement":[{"@type":"ListItem","position":1,"name":"Home","item":"https:\/\/black-sheeps.eu\/de\/"},{"@type":"ListItem","position":2,"name":"Allgemeine Gesch\u00e4ftsbedingungen \u2013 Verleih"}]},{"@type":"WebSite","@id":"https:\/\/black-sheeps.eu\/cs\/#website","url":"https:\/\/black-sheeps.eu\/cs\/","name":"Black Sheep Adventures","description":"Adrenal\u00ednov\u00e9 z\u00e1\u017eitky, teambuildingov\u00e9 z\u00e1jazdy, v\u00edkendov\u00e9 pobyty - kayaking, rafting, paragliding, kanyoning, jachting","publisher":{"@id":"https:\/\/black-sheeps.eu\/cs\/#organization"},"potentialAction":[{"@type":"SearchAction","target":{"@type":"EntryPoint","urlTemplate":"https:\/\/black-sheeps.eu\/cs\/?s={search_term_string}"},"query-input":{"@type":"PropertyValueSpecification","valueRequired":true,"valueName":"search_term_string"}}],"inLanguage":"de"},{"@type":"Organization","@id":"https:\/\/black-sheeps.eu\/cs\/#organization","name":"Black Sheep Adventures","url":"https:\/\/black-sheeps.eu\/cs\/","logo":{"@type":"ImageObject","inLanguage":"de","@id":"https:\/\/black-sheeps.eu\/cs\/#\/schema\/logo\/image\/","url":"","contentUrl":"","caption":"Black Sheep Adventures"},"image":{"@id":"https:\/\/black-sheeps.eu\/cs\/#\/schema\/logo\/image\/"},"sameAs":["https:\/\/www.facebook.com\/BlackSheepsAdventuresBlack\/"]}]}},"taxonomy_info":[],"featured_image_src_large":false,"author_info":{"display_name":"David Gregorik","author_link":"https:\/\/black-sheeps.eu\/de\/author\/david\/"},"comment_info":0,"_links":{"self":[{"href":"https:\/\/black-sheeps.eu\/de\/wp-json\/wp\/v2\/pages\/10583","targetHints":{"allow":["GET"]}}],"collection":[{"href":"https:\/\/black-sheeps.eu\/de\/wp-json\/wp\/v2\/pages"}],"about":[{"href":"https:\/\/black-sheeps.eu\/de\/wp-json\/wp\/v2\/types\/page"}],"author":[{"embeddable":true,"href":"https:\/\/black-sheeps.eu\/de\/wp-json\/wp\/v2\/users\/2"}],"replies":[{"embeddable":true,"href":"https:\/\/black-sheeps.eu\/de\/wp-json\/wp\/v2\/comments?post=10583"}],"version-history":[{"count":2,"href":"https:\/\/black-sheeps.eu\/de\/wp-json\/wp\/v2\/pages\/10583\/revisions"}],"predecessor-version":[{"id":10590,"href":"https:\/\/black-sheeps.eu\/de\/wp-json\/wp\/v2\/pages\/10583\/revisions\/10590"}],"wp:attachment":[{"href":"https:\/\/black-sheeps.eu\/de\/wp-json\/wp\/v2\/media?parent=10583"}],"curies":[{"name":"wp","href":"https:\/\/api.w.org\/{rel}","templated":true}]}}