
{"id":10303,"date":"2024-02-26T12:41:28","date_gmt":"2024-02-26T12:41:28","guid":{"rendered":"https:\/\/black-sheeps.eu\/?page_id=10303"},"modified":"2025-06-28T10:29:16","modified_gmt":"2025-06-28T10:29:16","slug":"datenschutzerklaerung","status":"publish","type":"page","link":"https:\/\/black-sheeps.eu\/de\/datenschutzerklaerung\/","title":{"rendered":"Datenschutzerkl\u00e4rung"},"content":{"rendered":"\n<p>Der Schutz Ihrer pers\u00f6nlichen Daten ist uns ein besonderes Anliegen. Wir verarbeiten Ihre Daten daher ausschlie\u00dflich auf Grundlage der gesetzlichen Bestimmungen (DSGVO, TKG 2003). In diesen Datenschutzinformationen informieren wir Sie \u00fcber die wichtigsten Aspekte der Datenverarbeitung im Rahmen unserer Website.<\/p>\n\n\n\n<p><strong>Kontakt mit uns<\/strong><\/p>\n\n\n\n<p>Wenn Sie per Formular auf der Website oder per E-Mail Kontakt mit uns aufnehmen, werden Ihre angegebenen Daten zwecks Bearbeitung der Anfrage und f\u00fcr den Fall von Anschlussfragen sechs Monate bei uns gespeichert. Diese Daten geben wir nicht ohne Ihre Einwilligung weiter.<\/p>\n\n\n\n<p><strong>Cookies<\/strong><\/p>\n\n\n\n<p>Unsere Website verwendet so genannte Cookies. Dabei handelt es sich um kleine Textdateien, die mithilfe des Browsers auf Ihrem Endger\u00e4t abgelegt werden. Sie richten keinen Schaden an.<\/p>\n\n\n\n<p>Wir nutzen Cookies dazu, unser Angebot nutzerfreundlich zu gestalten. Einige Cookies bleiben auf Ihrem Endger\u00e4t gespeichert, bis Sie diese l\u00f6schen. Sie erm\u00f6glichen es uns, Ihren Browser beim n\u00e4chsten Besuch wiederzuerkennen.<\/p>\n\n\n\n<p>Wenn Sie dies nicht w\u00fcnschen, so k\u00f6nnen Sie Ihren Browser so einrichten, dass er Sie \u00fcber das Setzen von Cookies informiert und Sie dies nur im Einzelfall erlauben.<\/p>\n\n\n\n<p>Bei der Deaktivierung von Cookies kann die Funktionalit\u00e4t unserer Website eingeschr\u00e4nkt sein.<\/p>\n\n\n\n<p><strong>Google Maps<\/strong><\/p>\n\n\n\n<p>Wir verwenden die Landkarten des Dienstes \u201eGoogle Maps\u201d des Anbieters Google LLC, 1600 Amphitheatre Parkway, Mountain View, CA 94043, USA.<br>Datenschutzerkl\u00e4rung:&nbsp;<a href=\"https:\/\/www.google.com\/policies\/privacy\/\">https:\/\/www.google.com\/policies\/privacy\/<\/a>, Opt-Out:&nbsp;<a href=\"https:\/\/adssettings.google.com\/authenticated\">https:\/\/adssettings.google.com\/authenticated<\/a>.<\/p>\n\n\n\n<p><strong>Google Fonts<\/strong><\/p>\n\n\n\n<p>Wir verwenden Schriftarten (\u201eGoogle Fonts\u201c) des Anbieters Google LLC, 1600 Amphitheatre Parkway, Mountain View, CA 94043, USA.<br>Datenschutzerkl\u00e4rung:&nbsp;<a href=\"https:\/\/www.google.com\/policies\/privacy\/\">https:\/\/www.google.com\/policies\/privacy\/<\/a>, Opt-Out:&nbsp;<a href=\"https:\/\/adssettings.google.com\/authenticated\">https:\/\/adssettings.google.com\/authenticated<\/a>.<\/p>\n\n\n\n<p><strong>Google ReCaptcha<\/strong><\/p>\n\n\n\n<p>Wir setzen die Funktion \u201eReCaptcha\u201c ein, um Bots z.B. an Eingaben in Online-Formulare zu hindern. Sie wird von Google LLC, 1600 Amphitheatre Parkway, Mountain View, CA 94043, USA angeboten.<br>Datenschutzerkl\u00e4rung:&nbsp;<a href=\"https:\/\/www.google.com\/policies\/privacy\/\">https:\/\/www.google.com\/policies\/privacy\/<\/a>, Opt-Out:&nbsp;<a href=\"https:\/\/adssettings.google.com\/authenticated\">https:\/\/adssettings.google.com\/authenticated<\/a>.<\/p>\n\n\n\n<p><strong>Web-Analyse<\/strong><\/p>\n\n\n\n<p>Unsere Website verwendet Funktionen des Webanalysedienstes Google Analytics. Anbieter ist die Google Inc. mit Sitz in 1600 Amphitheatre Parkway Mountain View, CA 94043, USA. Dazu werden Cookies verwendet, die eine Analyse der Benutzung der Website durch ihre Benutzer erm\u00f6glichen. Die dadurch erzeugten Informationen werden auf den Server von Google in den USA \u00fcbertragen und dort gespeichert. Sie k\u00f6nnen dies verhindern, indem Sie Ihren Browser so einrichten, dass keine Cookies gespeichert werden.<\/p>\n\n\n\n<p>Wir haben mit dem Anbieter einen entsprechenden Vertrag zur Auftragsdatenverarbeitung abgeschlossen.<\/p>\n\n\n\n<p>Unser Anliegen im Sinne der DSGVO (berechtigtes Interesse) ist die Verbesserung unseres Angebotes und unseres Webauftritts. Da uns die Privatsph\u00e4re unserer Nutzer wichtig ist, werden die Nutzerdaten pseudonymisiert.<\/p>\n\n\n\n<p>Ihre IP-Adresse wird erfasst, aber umgehend (z.B. durch L\u00f6schung der letzten 8 Bit) pseudonymisiert. Dadurch ist nur mehr eine grobe Lokalisierung m\u00f6glich.<\/p>\n\n\n\n<p>Die Datenverarbeitung erfolgt auf Basis der gesetzlichen Bestimmungen des \u00a7 96 Abs 3 TKG sowie des Art 6 Abs 1 lit a (Einwilligung) und\/oder f (berechtigtes Interesse) der DSGVO.<\/p>\n\n\n\n<p>Au\u00dferdem ist Google unter dem Privacy-Shield-Abkommen zertifiziert und bietet dadurch eine Garantie, das europ\u00e4ische Datenschutzrecht einzuhalten (<a href=\"https:\/\/www.privacyshield.gov\/participant?id=a2zt000000001L5AAI&amp;status=Active\">https:\/\/www.privacyshield.gov\/participant?id=a2zt000000001L5AAI&amp;status=Active<\/a>).<\/p>\n\n\n\n<p>Die Nutzerdaten werden f\u00fcr die Dauer von 14 Monaten aufbewahrt.<\/p>\n\n\n\n<p>Detaillierte Informationen zur Datennutzung durch Google, Ihren M\u00f6glichkeiten zu Einstellungen und Widerspruch erfahren Sie auf den folgenden Webseiten von Google:&nbsp;<a href=\"https:\/\/www.google.com\/intl\/de\/policies\/privacy\/partners\">https:\/\/www.google.com\/intl\/de\/policies\/privacy\/partners<\/a>&nbsp;(\u201eDatennutzung durch Google bei Ihrer Nutzung von Websites oder Apps unserer Partner\u201c),&nbsp;<a href=\"http:\/\/www.google.com\/policies\/technologies\/ads\">http:\/\/www.google.com\/policies\/technologies\/ads<\/a>&nbsp;(\u201eDatennutzung zu Werbezwecken\u201c),&nbsp;<a href=\"http:\/\/www.google.de\/settings\/ads\">http:\/\/www.google.de\/settings\/ads<\/a>&nbsp;\u201eInformationen verwalten, die Google verwendet, um Ihnen Werbung einzublenden\u201c).<\/p>\n\n\n\n<p><strong>Google-Re\/Marketing-Services<\/strong><\/p>\n\n\n\n<p>Unser Anliegen im Sinne der DSGVO (berechtigtes Interesse) ist die Verbesserung unseres Angebotes und unseres Webauftritts. Daher setzen wir die Marketing- und Remarketing-Dienste (kurz \u201eGoogle-Marketing-Services\u201d) der Google LLC, 1600 Amphitheatre Parkway, Mountain View, CA 94043, USA, (\u201eGoogle\u201c) ein.<\/p>\n\n\n\n<p>Google ist unter dem Privacy-Shield-Abkommen zertifiziert und bietet hierdurch eine Garantie, das europ\u00e4ische Datenschutzrecht einzuhalten (<a href=\"https:\/\/www.privacyshield.gov\/participant?id=a2zt000000001L5AAI&amp;status=Active\">https:\/\/www.privacyshield.gov\/participant?id=a2zt000000001L5AAI&amp;status=Active<\/a>).<\/p>\n\n\n\n<p>Mithilfe der Google-Marketing-Services k\u00f6nnen wir Werbeanzeigen f\u00fcr und auf unserer Website so gezielt anzeigen, um Nutzern nur jene Anzeigen zu pr\u00e4sentieren, die potentiell deren Interessen widerspiegeln. Dazu f\u00fchrt Google einen Code aus und nutzt sogenannte (Re-)Marketing-Tags, mit deren Hilfe ein individuelles Cookie im Browser des Nutzers abgespeichert wird. Zur Nutzung von Cookies s.o.<\/p>\n\n\n\n<p>Die erhobenen Informationen k\u00f6nnen von Google auch mit solchen Informationen aus anderen Quellen verbunden werden. Wenn der Nutzer anschlie\u00dfend andere Webseiten besucht, k\u00f6nnen ihm entsprechend seiner Interessen die auf ihn abgestimmten Anzeigen angezeigt werden.<\/p>\n\n\n\n<p>Zudem wird \u00fcber Google Analytics die IP-Adresse der Nutzer erfasst, aber umgehend (z.B. durch L\u00f6schung der letzten 8 Bit) pseudonymisiert. Dadurch ist nur mehr eine grobe Lokalisierung m\u00f6glich, die Anzeigen werden nicht f\u00fcr eine konkrete Person verwaltet und angezeigt, sondern f\u00fcr den Cookie-Inhaber, unabh\u00e4ngig davon, wer dieser Cookie-Inhaber ist. Das gilt selbstverst\u00e4ndlich nicht, wenn ein Nutzer Google ausdr\u00fccklich erlaubt hat, die Daten ohne diese Pseudonymisierung zu verarbeiten. Die Informationen, die von Google-Marketing-Services \u00fcber die Nutzer gesammelt werden, werden an Google \u00fcbermittelt und auf Googles Servern in den USA gespeichert. Die IP-Adresse des Nutzers wird nicht mit Daten des Nutzers innerhalb von anderen Angeboten von Google zusammengef\u00fchrt.<\/p>\n\n\n\n<p>Wir setzten u.a. Cookies des Google-Marketing-Services \u201eGoogle AdWords\u201c ein; eventuell stellen wir auf Basis des Google-Marketing-Services \u201eAdSense\u201c und dessen Cookies stellen wir Werbeanzeigen Dritter dar. Weitere Informationen zur Datennutzung zu Marketingzwecken durch Google erfahren Sie auf&nbsp;<a href=\"https:\/\/policies.google.com\/technologies\/ads\">https:\/\/policies.google.com\/technologies\/ads<\/a>, die Datenschutzerkl\u00e4rung von Google ist unter&nbsp;<a href=\"https:\/\/www.google.com\/policies\/privacy\">https:\/\/www.google.com\/policies\/privacy<\/a>&nbsp;abrufbar.<\/p>\n\n\n\n<p>Ferner setzen wir den \u201eGoogle Tag Manager\u201c ein, um die von Google angebotenen Analyse- und Marketing-Dienste in unsere Website einzubinden und zentral zu verwalten.<\/p>\n\n\n\n<p><strong>Onlinepr\u00e4senzen in sozialen Medien<\/strong><\/p>\n\n\n\n<p>Wir betreiben Onlinepr\u00e4senzen innerhalb sozialer Netzwerke und Plattformen, um mit Nutzern, Interessenten und Kunden, die dort aktiv sind, kommunizieren zu k\u00f6nnen. Beim Aufruf dieser Netzwerke und Plattformen gelten die Gesch\u00e4ftsbedingungen und die Datenverarbeitungsrichtlinien der jeweiligen Betreiber.<\/p>\n\n\n\n<p>Soweit nicht anders im Rahmen unserer Datenschutzerkl\u00e4rung angegeben, verarbeiten wir die Daten der Nutzer, wenn diese mit uns in sozialen Netzwerken und auf Plattformen kommunizieren.<\/p>\n\n\n\n<p><strong>Verwendung von Facebook-Social-Plugins<\/strong><\/p>\n\n\n\n<p>Unser Anliegen im Sinne der DSGVO (berechtigtes Interesse) ist die Verbesserung unseres Angebotes sowie Analyse, Optimierung und wirtschaftlicher Betrieb unseres Webauftritts. Daher setzen wir Social Plugins (\u201ePlugins\u201c) des sozialen Netzwerkes facebook.com ein, welche von der Facebook Ireland Ltd., 4 Grand Canal Square, Grand Canal Harbour, Dublin 2, Irland betrieben werden (\u201eFacebook\u201c). Die Plugins k\u00f6nnen auf der Website Inhalte wie Grafiken, Textbeitr\u00e4ge oder Videos oder Elemente zur Interaktion darstellen. Sie erkennen Sie an einem der Facebook-Logos (\u201ef\u201c auf entsprechendem Hintergrund, dem \u201eDaumen hoch\u201c-Zeichen oder den Begriffen \u201eLike\u201c oder \u201eGef\u00e4llt mir\u201c) oder der Kennzeichnung mit dem Zusatz \u201eFacebook Social Plugin\u201c. Die Liste und das Aussehen der Facebook-Social-Plugins k\u00f6nnen Sie hier einsehen:&nbsp;<a href=\"https:\/\/developers.facebook.com\/docs\/plugins\/\">https:\/\/developers.facebook.com\/docs\/plugins\/<\/a>.<\/p>\n\n\n\n<p>Facebook ist unter dem Privacy-Shield-Abkommen zertifiziert und bietet dadurch eine Garantie, das europ\u00e4ische Datenschutzrecht einzuhalten (<a href=\"https:\/\/www.privacyshield.gov\/participant?id=a2zt0000000GnywAAC&amp;status=Active\">https:\/\/www.privacyshield.gov\/participant?id=a2zt0000000GnywAAC&amp;status=Active<\/a>).<\/p>\n\n\n\n<p>Weitere Informationen bez\u00fcglich der Datenerhebung durch Facebook, die weitere Verarbeitung und Nutzung der Daten sowie die Nutzerrechte und Einstellungsm\u00f6glichkeiten zum Schutz der Privatsph\u00e4re finden Sie in den Datenschutzhinweisen von Facebook:&nbsp;<a href=\"https:\/\/www.facebook.com\/about\/privacy\/\">https:\/\/www.facebook.com\/about\/privacy\/<\/a>.<\/p>\n\n\n\n<p><strong>Instagram<\/strong><\/p>\n\n\n\n<p>Innerhalb unseres Onlineangebotes k\u00f6nnen Inhalte und Funktionen des Dienstes Instagram eingebunden sein. Sie werden durch die Instagram Inc., 1601 Willow Road, Menlo Park, CA, 94025, USA angeboten. Dazu k\u00f6nnen z.B. Inhalte wie Bilder, Videos oder Texte und Schaltfl\u00e4chen z\u00e4hlen, mit denen Nutzer auf die Inhalte reagieren k\u00f6nnen. Sind die Nutzer Mitglieder von Instagram, kann Instagram den Aufruf der Inhalte und Funktionen den jeweiligen Profilen der Nutzer zuordnen. Datenschutzerkl\u00e4rung von Instagram:&nbsp;<a href=\"http:\/\/instagram.com\/about\/legal\/privacy\/\">http:\/\/instagram.com\/about\/legal\/privacy\/<\/a>.<\/p>\n\n\n\n<p><strong>Vimeo<\/strong><\/p>\n\n\n\n<p>In unsere Website k\u00f6nnen auch Videos der Plattform \u201eVimeo\u201d eingebunden sein. Sie werden durch die Vimeo Inc., Attention: Legal Department, 555 West 18th Street New York, New York 10011, USA angeboten. Datenschutzerkl\u00e4rung:&nbsp;<a href=\"https:\/\/vimeo.com\/privacy\">https:\/\/vimeo.com\/privacy<\/a>.<\/p>\n\n\n\n<p><strong>Youtube<\/strong><\/p>\n\n\n\n<p>In unsere Website k\u00f6nnen auch Videos der Plattform \u201eYouTube\u201d eingebunden sein. Sie werden durch Google LLC, 1600 Amphitheatre Parkway, Mountain View, CA 94043, USA angeboten.<br>Datenschutzerkl\u00e4rung:&nbsp;<a href=\"https:\/\/www.google.com\/policies\/privacy\/\">https:\/\/www.google.com\/policies\/privacy\/<\/a>, Opt-Out:&nbsp;<a href=\"https:\/\/adssettings.google.com\/authenticated\">https:\/\/adssettings.google.com\/authenticated<\/a>.<\/p>\n\n\n\n<p><strong>Ihre Rechte<\/strong><\/p>\n\n\n\n<p>Ihnen stehen grunds\u00e4tzlich die Rechte auf Auskunft, Berichtigung, L\u00f6schung, Einschr\u00e4nkung, Daten\u00fcbertragbarkeit, Widerruf und Widerspruch zu. Wenn Sie glauben, dass die Verarbeitung Ihrer Daten gegen das Datenschutzrecht verst\u00f6\u00dft oder Ihre datenschutzrechtlichen Anspr\u00fcche sonst in einer Weise verletzt worden sind, k\u00f6nnen Sie bei der Aufsichtsbeh\u00f6rde Beschwerde einlegen. In \u00d6sterreich ist dies die Datenschutzbeh\u00f6rde.<\/p>\n\n\n\n<p>Sie erreichen uns unter folgenden Kontaktdaten:<\/p>\n\n\n\n<p>Black Sheeps Adventures KG<br>K\u00fchbachau 170<br>8924 Wildalpen<br>+436506346967<br>info@black-sheeps.eu<\/p>\n","protected":false},"excerpt":{"rendered":"<p>Der Schutz Ihrer pers\u00f6nlichen Daten ist uns ein besonderes Anliegen. Wir verarbeiten Ihre Daten daher ausschlie\u00dflich auf Grundlage der gesetzlichen Bestimmungen (DSGVO, TKG 2003). In diesen Datenschutzinformationen informieren wir Sie \u00fcber die wichtigsten Aspekte der Datenverarbeitung im Rahmen unserer Website. Kontakt mit uns Wenn Sie per Formular auf der Website oder per E-Mail Kontakt mit&#8230;<\/p>\n","protected":false},"author":1,"featured_media":0,"parent":0,"menu_order":0,"comment_status":"closed","ping_status":"closed","template":"","meta":{"_kad_blocks_custom_css":"","_kad_blocks_head_custom_js":"","_kad_blocks_body_custom_js":"","_kad_blocks_footer_custom_js":"","_kad_post_transparent":"","_kad_post_title":"","_kad_post_layout":"","_kad_post_sidebar_id":"","_kad_post_content_style":"","_kad_post_vertical_padding":"","_kad_post_feature":"","_kad_post_feature_position":"","_kad_post_header":false,"_kad_post_footer":false,"_kad_post_classname":"","footnotes":""},"class_list":["post-10303","page","type-page","status-publish","hentry"],"yoast_head":"<!-- This site is optimized with the Yoast SEO plugin v27.4 - https:\/\/yoast.com\/product\/yoast-seo-wordpress\/ -->\n<title>Datenschutzerkl\u00e4rung | Black Sheeps Adventures<\/title>\n<meta name=\"description\" content=\"Erfahren Sie, wie Black Sheeps Adventures Ihre Daten DSGVO-konform, transparent &amp; sicher verarbeitet \u2013 inkl. Cookies &amp; Ihrer Rechte.\" \/>\n<meta name=\"robots\" content=\"index, follow, max-snippet:-1, max-image-preview:large, max-video-preview:-1\" \/>\n<link rel=\"canonical\" href=\"https:\/\/black-sheeps.eu\/de\/datenschutzerklaerung\/\" \/>\n<meta property=\"og:locale\" content=\"de_DE\" \/>\n<meta property=\"og:type\" content=\"article\" \/>\n<meta property=\"og:title\" content=\"Datenschutzerkl\u00e4rung | Black Sheeps Adventures\" \/>\n<meta property=\"og:description\" content=\"Erfahren Sie, wie Black Sheeps Adventures Ihre Daten DSGVO-konform, transparent &amp; sicher verarbeitet \u2013 inkl. Cookies &amp; Ihrer Rechte.\" \/>\n<meta property=\"og:url\" content=\"https:\/\/black-sheeps.eu\/de\/datenschutzerklaerung\/\" \/>\n<meta property=\"og:site_name\" content=\"Black Sheep Adventures\" \/>\n<meta property=\"article:publisher\" content=\"https:\/\/www.facebook.com\/BlackSheepsAdventuresBlack\/\" \/>\n<meta property=\"article:modified_time\" content=\"2025-06-28T10:29:16+00:00\" \/>\n<meta property=\"og:image\" content=\"https:\/\/black-sheeps.eu\/wp-content\/uploads\/2024\/01\/Wildwasser_c-Stefan-Leitner_Gesaeuse_7.jpg\" \/>\n\t<meta property=\"og:image:width\" content=\"1920\" \/>\n\t<meta property=\"og:image:height\" content=\"1440\" \/>\n\t<meta property=\"og:image:type\" content=\"image\/jpeg\" \/>\n<meta name=\"twitter:card\" content=\"summary_large_image\" \/>\n<meta name=\"twitter:label1\" content=\"Gesch\u00e4tzte Lesezeit\" \/>\n\t<meta name=\"twitter:data1\" content=\"6\u00a0Minuten\" \/>\n<script type=\"application\/ld+json\" class=\"yoast-schema-graph\">{\"@context\":\"https:\\\/\\\/schema.org\",\"@graph\":[{\"@type\":\"WebPage\",\"@id\":\"https:\\\/\\\/black-sheeps.eu\\\/de\\\/datenschutzerklaerung\\\/\",\"url\":\"https:\\\/\\\/black-sheeps.eu\\\/de\\\/datenschutzerklaerung\\\/\",\"name\":\"Datenschutzerkl\u00e4rung | Black Sheeps Adventures\",\"isPartOf\":{\"@id\":\"https:\\\/\\\/black-sheeps.eu\\\/cs\\\/#website\"},\"datePublished\":\"2024-02-26T12:41:28+00:00\",\"dateModified\":\"2025-06-28T10:29:16+00:00\",\"description\":\"Erfahren Sie, wie Black Sheeps Adventures Ihre Daten DSGVO-konform, transparent & sicher verarbeitet \u2013 inkl. Cookies & Ihrer Rechte.\",\"breadcrumb\":{\"@id\":\"https:\\\/\\\/black-sheeps.eu\\\/de\\\/datenschutzerklaerung\\\/#breadcrumb\"},\"inLanguage\":\"de\",\"potentialAction\":[{\"@type\":\"ReadAction\",\"target\":[\"https:\\\/\\\/black-sheeps.eu\\\/de\\\/datenschutzerklaerung\\\/\"]}]},{\"@type\":\"BreadcrumbList\",\"@id\":\"https:\\\/\\\/black-sheeps.eu\\\/de\\\/datenschutzerklaerung\\\/#breadcrumb\",\"itemListElement\":[{\"@type\":\"ListItem\",\"position\":1,\"name\":\"Home\",\"item\":\"https:\\\/\\\/black-sheeps.eu\\\/de\\\/\"},{\"@type\":\"ListItem\",\"position\":2,\"name\":\"Datenschutzerkl\u00e4rung\"}]},{\"@type\":\"WebSite\",\"@id\":\"https:\\\/\\\/black-sheeps.eu\\\/cs\\\/#website\",\"url\":\"https:\\\/\\\/black-sheeps.eu\\\/cs\\\/\",\"name\":\"Black Sheep Adventures\",\"description\":\"Adrenal\u00ednov\u00e9 z\u00e1\u017eitky, teambuildingov\u00e9 z\u00e1jazdy, v\u00edkendov\u00e9 pobyty - kayaking, rafting, paragliding, kanyoning, jachting\",\"publisher\":{\"@id\":\"https:\\\/\\\/black-sheeps.eu\\\/cs\\\/#organization\"},\"potentialAction\":[{\"@type\":\"SearchAction\",\"target\":{\"@type\":\"EntryPoint\",\"urlTemplate\":\"https:\\\/\\\/black-sheeps.eu\\\/cs\\\/?s={search_term_string}\"},\"query-input\":{\"@type\":\"PropertyValueSpecification\",\"valueRequired\":true,\"valueName\":\"search_term_string\"}}],\"inLanguage\":\"de\"},{\"@type\":\"Organization\",\"@id\":\"https:\\\/\\\/black-sheeps.eu\\\/cs\\\/#organization\",\"name\":\"Black Sheep Adventures\",\"url\":\"https:\\\/\\\/black-sheeps.eu\\\/cs\\\/\",\"logo\":{\"@type\":\"ImageObject\",\"inLanguage\":\"de\",\"@id\":\"https:\\\/\\\/black-sheeps.eu\\\/cs\\\/#\\\/schema\\\/logo\\\/image\\\/\",\"url\":\"\",\"contentUrl\":\"\",\"caption\":\"Black Sheep Adventures\"},\"image\":{\"@id\":\"https:\\\/\\\/black-sheeps.eu\\\/cs\\\/#\\\/schema\\\/logo\\\/image\\\/\"},\"sameAs\":[\"https:\\\/\\\/www.facebook.com\\\/BlackSheepsAdventuresBlack\\\/\"]}]}<\/script>\n<!-- \/ Yoast SEO plugin. -->","yoast_head_json":{"title":"Datenschutzerkl\u00e4rung | Black Sheeps Adventures","description":"Erfahren Sie, wie Black Sheeps Adventures Ihre Daten DSGVO-konform, transparent & sicher verarbeitet \u2013 inkl. Cookies & Ihrer Rechte.","robots":{"index":"index","follow":"follow","max-snippet":"max-snippet:-1","max-image-preview":"max-image-preview:large","max-video-preview":"max-video-preview:-1"},"canonical":"https:\/\/black-sheeps.eu\/de\/datenschutzerklaerung\/","og_locale":"de_DE","og_type":"article","og_title":"Datenschutzerkl\u00e4rung | Black Sheeps Adventures","og_description":"Erfahren Sie, wie Black Sheeps Adventures Ihre Daten DSGVO-konform, transparent & sicher verarbeitet \u2013 inkl. Cookies & Ihrer Rechte.","og_url":"https:\/\/black-sheeps.eu\/de\/datenschutzerklaerung\/","og_site_name":"Black Sheep Adventures","article_publisher":"https:\/\/www.facebook.com\/BlackSheepsAdventuresBlack\/","article_modified_time":"2025-06-28T10:29:16+00:00","og_image":[{"width":1920,"height":1440,"url":"https:\/\/black-sheeps.eu\/wp-content\/uploads\/2024\/01\/Wildwasser_c-Stefan-Leitner_Gesaeuse_7.jpg","type":"image\/jpeg"}],"twitter_card":"summary_large_image","twitter_misc":{"Gesch\u00e4tzte Lesezeit":"6\u00a0Minuten"},"schema":{"@context":"https:\/\/schema.org","@graph":[{"@type":"WebPage","@id":"https:\/\/black-sheeps.eu\/de\/datenschutzerklaerung\/","url":"https:\/\/black-sheeps.eu\/de\/datenschutzerklaerung\/","name":"Datenschutzerkl\u00e4rung | Black Sheeps Adventures","isPartOf":{"@id":"https:\/\/black-sheeps.eu\/cs\/#website"},"datePublished":"2024-02-26T12:41:28+00:00","dateModified":"2025-06-28T10:29:16+00:00","description":"Erfahren Sie, wie Black Sheeps Adventures Ihre Daten DSGVO-konform, transparent & sicher verarbeitet \u2013 inkl. Cookies & Ihrer Rechte.","breadcrumb":{"@id":"https:\/\/black-sheeps.eu\/de\/datenschutzerklaerung\/#breadcrumb"},"inLanguage":"de","potentialAction":[{"@type":"ReadAction","target":["https:\/\/black-sheeps.eu\/de\/datenschutzerklaerung\/"]}]},{"@type":"BreadcrumbList","@id":"https:\/\/black-sheeps.eu\/de\/datenschutzerklaerung\/#breadcrumb","itemListElement":[{"@type":"ListItem","position":1,"name":"Home","item":"https:\/\/black-sheeps.eu\/de\/"},{"@type":"ListItem","position":2,"name":"Datenschutzerkl\u00e4rung"}]},{"@type":"WebSite","@id":"https:\/\/black-sheeps.eu\/cs\/#website","url":"https:\/\/black-sheeps.eu\/cs\/","name":"Black Sheep Adventures","description":"Adrenal\u00ednov\u00e9 z\u00e1\u017eitky, teambuildingov\u00e9 z\u00e1jazdy, v\u00edkendov\u00e9 pobyty - kayaking, rafting, paragliding, kanyoning, jachting","publisher":{"@id":"https:\/\/black-sheeps.eu\/cs\/#organization"},"potentialAction":[{"@type":"SearchAction","target":{"@type":"EntryPoint","urlTemplate":"https:\/\/black-sheeps.eu\/cs\/?s={search_term_string}"},"query-input":{"@type":"PropertyValueSpecification","valueRequired":true,"valueName":"search_term_string"}}],"inLanguage":"de"},{"@type":"Organization","@id":"https:\/\/black-sheeps.eu\/cs\/#organization","name":"Black Sheep Adventures","url":"https:\/\/black-sheeps.eu\/cs\/","logo":{"@type":"ImageObject","inLanguage":"de","@id":"https:\/\/black-sheeps.eu\/cs\/#\/schema\/logo\/image\/","url":"","contentUrl":"","caption":"Black Sheep Adventures"},"image":{"@id":"https:\/\/black-sheeps.eu\/cs\/#\/schema\/logo\/image\/"},"sameAs":["https:\/\/www.facebook.com\/BlackSheepsAdventuresBlack\/"]}]}},"taxonomy_info":[],"featured_image_src_large":false,"author_info":{"display_name":"Black Sheeps","author_link":"https:\/\/black-sheeps.eu\/de\/author\/adminator\/"},"comment_info":0,"_links":{"self":[{"href":"https:\/\/black-sheeps.eu\/de\/wp-json\/wp\/v2\/pages\/10303","targetHints":{"allow":["GET"]}}],"collection":[{"href":"https:\/\/black-sheeps.eu\/de\/wp-json\/wp\/v2\/pages"}],"about":[{"href":"https:\/\/black-sheeps.eu\/de\/wp-json\/wp\/v2\/types\/page"}],"author":[{"embeddable":true,"href":"https:\/\/black-sheeps.eu\/de\/wp-json\/wp\/v2\/users\/1"}],"replies":[{"embeddable":true,"href":"https:\/\/black-sheeps.eu\/de\/wp-json\/wp\/v2\/comments?post=10303"}],"version-history":[{"count":1,"href":"https:\/\/black-sheeps.eu\/de\/wp-json\/wp\/v2\/pages\/10303\/revisions"}],"predecessor-version":[{"id":11755,"href":"https:\/\/black-sheeps.eu\/de\/wp-json\/wp\/v2\/pages\/10303\/revisions\/11755"}],"wp:attachment":[{"href":"https:\/\/black-sheeps.eu\/de\/wp-json\/wp\/v2\/media?parent=10303"}],"curies":[{"name":"wp","href":"https:\/\/api.w.org\/{rel}","templated":true}]}}